{"id":236013,"date":"2020-05-19T07:14:24","date_gmt":"2020-05-19T07:14:24","guid":{"rendered":"http:\/\/ra-tls.local\/about\/"},"modified":"2022-10-21T09:00:50","modified_gmt":"2022-10-21T09:00:50","slug":"sobre","status":"publish","type":"page","link":"https:\/\/ra-tls.rhenac.com\/es\/sobre\/","title":{"rendered":"Sobre"},"content":{"rendered":"<p>[et_pb_section fb_built=&#8221;1&#8243; custom_padding_last_edited=&#8221;on|tablet&#8221; _builder_version=&#8221;4.16&#8243; _module_preset=&#8221;default&#8221; custom_padding=&#8221;25px||25px||true|false&#8221; custom_padding_tablet=&#8221;||||true|false&#8221; custom_padding_phone=&#8221;0px||0px||true|false&#8221; global_colors_info=&#8221;{}&#8221;][et_pb_row _builder_version=&#8221;4.16&#8243; _module_preset=&#8221;default&#8221; global_colors_info=&#8221;{}&#8221;][et_pb_column type=&#8221;4_4&#8243; _builder_version=&#8221;4.16&#8243; _module_preset=&#8221;default&#8221; global_colors_info=&#8221;{}&#8221;][et_pb_text _builder_version=&#8221;4.18.0&#8243; _module_preset=&#8221;default&#8221; text_text_color=&#8221;#2E1842&#8243; header_font=&#8221;||||||||&#8221; header_text_align=&#8221;center&#8221; header_text_color=&#8221;#2E1842&#8243; header_font_size=&#8221;54px&#8221; header_2_text_align=&#8221;center&#8221; header_3_text_color=&#8221;#2E1842&#8243; hover_enabled=&#8221;0&#8243; global_colors_info=&#8221;{}&#8221; sticky_enabled=&#8221;0&#8243;]<\/p>\n<h1>Sobre TLS<\/h1>\n<p>[\/et_pb_text][\/et_pb_column][\/et_pb_row][\/et_pb_section][et_pb_section fb_built=&#8221;1&#8243; _builder_version=&#8221;4.16&#8243; _module_preset=&#8221;default&#8221; custom_margin=&#8221;0px||||false|false&#8221; custom_padding=&#8221;0px||||false|false&#8221; global_colors_info=&#8221;{}&#8221;][et_pb_row _builder_version=&#8221;4.16&#8243; _module_preset=&#8221;default&#8221; width=&#8221;90%&#8221; max_width=&#8221;100%&#8221; custom_margin=&#8221;0px||||false|false&#8221; custom_padding=&#8221;0px||||false|false&#8221; global_colors_info=&#8221;{}&#8221;][et_pb_column type=&#8221;4_4&#8243; _builder_version=&#8221;4.16&#8243; _module_preset=&#8221;default&#8221; global_colors_info=&#8221;{}&#8221;][et_pb_divider show_divider=&#8221;off&#8221; _builder_version=&#8221;4.16&#8243; _module_preset=&#8221;default&#8221; background_image=&#8221;https:\/\/ra-tls.rhenac.com\/wp-content\/uploads\/2021\/10\/TLS-Grass-rig-on-field-2-scaled.jpeg&#8221; min_height=&#8221;550px&#8221; min_height_tablet=&#8221;350px&#8221; min_height_phone=&#8221;240px&#8221; min_height_last_edited=&#8221;on|phone&#8221; global_colors_info=&#8221;{}&#8221;][\/et_pb_divider][\/et_pb_column][\/et_pb_row][et_pb_row custom_padding_last_edited=&#8221;on|phone&#8221; _builder_version=&#8221;4.16&#8243; _module_preset=&#8221;default&#8221; max_width=&#8221;1080px&#8221; module_alignment=&#8221;center&#8221; custom_padding_tablet=&#8221;&#8221; custom_padding_phone=&#8221;0px||||false|false&#8221; global_colors_info=&#8221;{}&#8221;][et_pb_column type=&#8221;4_4&#8243; _builder_version=&#8221;4.16&#8243; _module_preset=&#8221;default&#8221; global_colors_info=&#8221;{}&#8221;][et_pb_text _builder_version=&#8221;4.16&#8243; _module_preset=&#8221;default&#8221; header_3_font=&#8221;||||||||&#8221; custom_margin_tablet=&#8221;&#8221; custom_margin_phone=&#8221;||0px||false|false&#8221; custom_margin_last_edited=&#8221;on|phone&#8221; custom_padding_tablet=&#8221;&#8221; custom_padding_phone=&#8221;||0px||false|false&#8221; custom_padding_last_edited=&#8221;on|phone&#8221; hover_enabled=&#8221;0&#8243; global_colors_info=&#8221;{}&#8221; sticky_enabled=&#8221;0&#8243;]<\/p>\n<div class=\"uk-text-lead uk-margin\">\n<h3>TLS specializes in technology and knowledge for operation of sport venues using natural and hybrid sport grass.<\/h3>\n<\/div>\n<h3 class=\"uk-margin\"><\/h3>\n<p>[\/et_pb_text][et_pb_text _builder_version=&#8221;4.18.0&#8243; _module_preset=&#8221;default&#8221; hover_enabled=&#8221;0&#8243; global_colors_info=&#8221;{}&#8221; sticky_enabled=&#8221;0&#8243;]<\/p>\n<p><span data-contrast=\"auto\" xml:lang=\"NB-NO\" lang=\"NB-NO\" class=\"TextRun SCXW223447908 BCX0\"><span class=\"NormalTextRun SCXW223447908 BCX0\">TLS se fund\u00f3 en 2012 en Stavanger, Noruega, y cuenta con el respaldo de personal con m\u00e1s de 20 a\u00f1os de experiencia en la industria del c\u00e9sped.<\/span><\/span><span class=\"EOP SCXW223447908 BCX0\" data-ccp-props=\"{&quot;201341983&quot;:0,&quot;335559739&quot;:160,&quot;335559740&quot;:259}\">\u00a0<\/span><\/p>\n<p><span data-contrast=\"auto\" xml:lang=\"NB-NO\" lang=\"NB-NO\" class=\"TextRun SCXW187840699 BCX0\"><span class=\"NormalTextRun SCXW187840699 BCX0\">TLS fue la primera empresa en introducir plataformas de iluminaci\u00f3n m\u00f3viles de aluminio de una hilera en el mercado. Al combinar la tecnolog\u00eda de iluminaci\u00f3n de alta gama de Hortilux y la experiencia en dise\u00f1o de nuestra empresa hermana, RA Aluminium, TLS desarroll\u00f3 una serie de equipos de iluminaci\u00f3n m\u00f3viles para instalaciones deportivas con c\u00e9sped natural. Nuestras plataformas m\u00f3viles livianas y efectivas ahora se usan en estadios deportivos en todo el mundo.<\/span><\/span><span class=\"EOP SCXW187840699 BCX0\" data-ccp-props=\"{&quot;201341983&quot;:0,&quot;335559739&quot;:160,&quot;335559740&quot;:259}\">\u00a0<\/span><\/p>\n<p><span data-contrast=\"auto\" xml:lang=\"NB-NO\" lang=\"NB-NO\" class=\"TextRun SCXW69209369 BCX0\"><span class=\"NormalTextRun SCXW69209369 BCX0\">Centr\u00e1ndose en el consumo de energ\u00eda, la industria de los invernaderos ha pasado de las luces HPS (sodio de alta presi\u00f3n) a las luces LED. En 2019, junto con Hortilux, TLS comenz\u00f3 a probar y desarrollar luces de cultivo LED adaptadas para el uso de c\u00e9sped deportivo. Ahora todos los equipos TLS, antiguos y nuevos, se pueden convertir en equipos de iluminaci\u00f3n LED completos. No es necesario realizar una gran inversi\u00f3n para convertir sus equipos existentes en equipos LED.<\/span><\/span><span class=\"EOP SCXW69209369 BCX0\" data-ccp-props=\"{&quot;201341983&quot;:0,&quot;335559739&quot;:160,&quot;335559740&quot;:259}\">\u00a0<\/span><\/p>\n<p><span data-contrast=\"auto\">TLS crea y fabrica productos y servicios innovadores para el cultivo de c\u00e9sped y ofrecemos soluciones personalizadas que se adaptan perfectamente a sus necesidades.<\/span><span data-ccp-props=\"{&quot;201341983&quot;:0,&quot;335559739&quot;:160,&quot;335559740&quot;:259}\">\u00a0<\/span><\/p>\n<p><span data-contrast=\"auto\">TLS cuenta con la certificaci\u00f3n ISO 9001: 2015 e ISO 14001: 2015. TLS ofrece productos con la marca CE.<\/span><span data-ccp-props=\"{&quot;201341983&quot;:0,&quot;335559739&quot;:160,&quot;335559740&quot;:259}\">\u00a0<\/span><\/p>\n<p>[\/et_pb_text][\/et_pb_column][\/et_pb_row][et_pb_row column_structure=&#8221;1_3,1_3,1_3&#8243; _builder_version=&#8221;4.16&#8243; _module_preset=&#8221;default&#8221; global_colors_info=&#8221;{}&#8221;][et_pb_column type=&#8221;1_3&#8243; _builder_version=&#8221;4.16&#8243; _module_preset=&#8221;default&#8221; hover_enabled=&#8221;0&#8243; global_colors_info=&#8221;{}&#8221; sticky_enabled=&#8221;0&#8243;][et_pb_text module_class=&#8221;knapp_hvitPil&#8221; _builder_version=&#8221;4.18.0&#8243; _dynamic_attributes=&#8221;link_option_url&#8221; _module_preset=&#8221;ac1a8e23-2865-4c30-85d0-0787ac68bbdc&#8221; background_color=&#8221;#F4E600&#8243; max_width=&#8221;450px&#8221; module_alignment=&#8221;left&#8221; custom_padding=&#8221;20px||||false|true&#8221; link_option_url=&#8221;@ET-DC@eyJkeW5hbWljIjp0cnVlLCJjb250ZW50IjoicG9zdF9saW5rX3VybF9wYWdlIiwic2V0dGluZ3MiOnsicG9zdF9pZCI6IjIzMjM3NCJ9fQ==@&#8221; hover_enabled=&#8221;0&#8243; locked=&#8221;off&#8221; global_colors_info=&#8221;{}&#8221; sticky_enabled=&#8221;0&#8243;]<\/p>\n<div style=\"display: flex; justify-content: center;\">\n<p>CONT\u00c1CTENOS<\/p>\n<p><img decoding=\"async\" src=\"https:\/\/ra-tls.rhenac.com\/wp-content\/uploads\/\/2021\/10\/arrow-right_black.svg\" width=\"25\" height=\"1024\" alt=\"\" class=\"arrowRight alignnone size-large\" \/><\/p>\n<\/div>\n<p>[\/et_pb_text][\/et_pb_column][et_pb_column type=&#8221;1_3&#8243; _builder_version=&#8221;4.16&#8243; _module_preset=&#8221;default&#8221; global_colors_info=&#8221;{}&#8221;][et_pb_text module_class=&#8221;knapp_hvitPil&#8221; _builder_version=&#8221;4.18.0&#8243; _dynamic_attributes=&#8221;link_option_url&#8221; _module_preset=&#8221;ac1a8e23-2865-4c30-85d0-0787ac68bbdc&#8221; background_color=&#8221;#F4E600&#8243; max_width=&#8221;450px&#8221; module_alignment=&#8221;left&#8221; custom_padding=&#8221;20px||||false|true&#8221; link_option_url=&#8221;@ET-DC@eyJkeW5hbWljIjp0cnVlLCJjb250ZW50IjoicG9zdF9saW5rX3VybF9hdHRhY2htZW50Iiwic2V0dGluZ3MiOnsicG9zdF9pZCI6IjIzNDI1NyJ9fQ==@&#8221; link_option_url_new_window=&#8221;on&#8221; hover_enabled=&#8221;0&#8243; locked=&#8221;off&#8221; global_colors_info=&#8221;{}&#8221; sticky_enabled=&#8221;0&#8243;]<\/p>\n<div style=\"display: flex; justify-content: center;\">\n<p>T\u00c9RMINOS Y CONDICIONES<\/p>\n<p><img decoding=\"async\" src=\"https:\/\/ra-tls.rhenac.com\/wp-content\/uploads\/\/2021\/10\/arrow-right_black.svg\" width=\"25\" height=\"1024\" alt=\"\" class=\"arrowRight alignnone size-large\" \/><\/p>\n<\/div>\n<p>[\/et_pb_text][\/et_pb_column][et_pb_column type=&#8221;1_3&#8243; _builder_version=&#8221;4.16&#8243; _module_preset=&#8221;default&#8221; global_colors_info=&#8221;{}&#8221;][et_pb_text module_class=&#8221;knapp_hvitPil&#8221; _builder_version=&#8221;4.18.0&#8243; _dynamic_attributes=&#8221;link_option_url&#8221; _module_preset=&#8221;ac1a8e23-2865-4c30-85d0-0787ac68bbdc&#8221; background_color=&#8221;#F4E600&#8243; max_width=&#8221;450px&#8221; module_alignment=&#8221;left&#8221; custom_padding=&#8221;20px||||false|true&#8221; link_option_url=&#8221;@ET-DC@eyJkeW5hbWljIjp0cnVlLCJjb250ZW50IjoicG9zdF9saW5rX3VybF9hdHRhY2htZW50Iiwic2V0dGluZ3MiOnsicG9zdF9pZCI6IjIzNTMyNCJ9fQ==@&#8221; link_option_url_new_window=&#8221;on&#8221; hover_enabled=&#8221;0&#8243; locked=&#8221;off&#8221; global_colors_info=&#8221;{}&#8221; sticky_enabled=&#8221;0&#8243;]<\/p>\n<div style=\"display: flex; justify-content: center;\">\n<p>POL\u00cdTICA<\/p>\n<p><img decoding=\"async\" src=\"https:\/\/ra-tls.rhenac.com\/wp-content\/uploads\/\/2021\/10\/arrow-right_black.svg\" width=\"25\" height=\"1024\" alt=\"\" class=\"arrowRight alignnone size-large\" \/><\/p>\n<\/div>\n<p>[\/et_pb_text][\/et_pb_column][\/et_pb_row][et_pb_row _builder_version=&#8221;4.18.0&#8243; _module_preset=&#8221;default&#8221; max_width=&#8221;1080px&#8221; module_alignment=&#8221;center&#8221; hover_enabled=&#8221;0&#8243; global_colors_info=&#8221;{}&#8221; disabled_on=&#8221;on|on|on&#8221; disabled=&#8221;on&#8221; sticky_enabled=&#8221;0&#8243;][et_pb_column type=&#8221;4_4&#8243; _builder_version=&#8221;4.16&#8243; _module_preset=&#8221;default&#8221; global_colors_info=&#8221;{}&#8221;][et_pb_text _builder_version=&#8221;4.16&#8243; _module_preset=&#8221;default&#8221; header_3_font=&#8221;||||||||&#8221; global_colors_info=&#8221;{}&#8221;]<\/p>\n<h3>Hortilux is the specialist in grow light solutions<\/h3>\n<p>[\/et_pb_text][et_pb_text _builder_version=&#8221;4.16&#8243; _module_preset=&#8221;default&#8221; custom_margin=&#8221;||35px||false|false&#8221; global_colors_info=&#8221;{}&#8221;]<\/p>\n<p><span>Based on specialised knowledge Hortilux and TLS provide tailored grow light solutions to increase turf quality, both HPS and LED. We recognise an efficient grow light solution is more than just a high quality fixture. All components of your grow light system have to work together seamlessly for the optimal efficiency (lower energy and maintenance costs) and a better turf quality, for the best football matches. This is why Hortilux and TLS are working closely together to provide advice, engineering, installation, project management, hardware and maintenance to customers around the globe. Learn more:\u00a0<\/span><a href=\"https:\/\/www.hortilux.com\/\">https:\/\/www.hortilux.com\/<\/a><\/p>\n<p><span>Grow light is our game!<\/span><\/p>\n<p>[\/et_pb_text][et_pb_image src=&#8221;https:\/\/ra-tls.rhenac.com\/wp-content\/uploads\/2021\/10\/HOR-LOGO-RGB-300&#215;214-1.jpeg&#8221; alt=&#8221;Hortilus logo&#8221; title_text=&#8221;HOR-LOGO-RGB-300&#215;214&#8243; _builder_version=&#8221;4.16&#8243; _module_preset=&#8221;default&#8221; width=&#8221;200px&#8221; global_colors_info=&#8221;{}&#8221;][\/et_pb_image][\/et_pb_column][\/et_pb_row][\/et_pb_section]<\/p>\n","protected":false},"excerpt":{"rendered":"<p>Sobre TLS TLS specializes in technology and knowledge for operation of sport venues using natural and hybrid sport grass. TLS se fund\u00f3 en 2012 en Stavanger, Noruega, y cuenta con el respaldo de personal con m\u00e1s de 20 a\u00f1os de experiencia en la industria del c\u00e9sped.\u00a0 TLS fue la primera empresa en introducir plataformas de [&hellip;]<\/p>\n","protected":false},"author":1,"featured_media":0,"parent":0,"menu_order":0,"comment_status":"closed","ping_status":"closed","template":"","meta":{"_acf_changed":false,"_et_pb_use_builder":"on","_et_pb_old_content":"","_et_gb_content_width":"","footnotes":""},"folder":[],"class_list":["post-236013","page","type-page","status-publish","hentry"],"acf":[],"yoast_head":"<!-- This site is optimized with the Yoast SEO plugin v25.9 - https:\/\/yoast.com\/wordpress\/plugins\/seo\/ -->\n<title>Sobre - TLS<\/title>\n<meta name=\"description\" content=\"TLS creates and makes innovative turf growing products and services and we offer tailored solutions to perfectly match your needs\" \/>\n<meta name=\"robots\" content=\"index, follow, max-snippet:-1, max-image-preview:large, max-video-preview:-1\" \/>\n<link rel=\"canonical\" href=\"https:\/\/ra-tls.rhenac.com\/es\/sobre\/\" \/>\n<meta property=\"og:locale\" content=\"es_ES\" \/>\n<meta property=\"og:type\" content=\"article\" \/>\n<meta property=\"og:title\" content=\"About TLS\" \/>\n<meta property=\"og:description\" content=\"TLS creates and makes innovative turf growing products and services and we offer tailored solutions to perfectly match your needs\" \/>\n<meta property=\"og:url\" content=\"https:\/\/ra-tls.rhenac.com\/es\/sobre\/\" \/>\n<meta property=\"og:site_name\" content=\"TLS\" \/>\n<meta property=\"article:modified_time\" content=\"2022-10-21T09:00:50+00:00\" \/>\n<meta property=\"og:image\" content=\"https:\/\/ra-tls.rhenac.com\/wp-content\/uploads\/2021\/10\/Sheffield.jpg\" \/>\n\t<meta property=\"og:image:width\" content=\"1600\" \/>\n\t<meta property=\"og:image:height\" content=\"1200\" \/>\n\t<meta property=\"og:image:type\" content=\"image\/jpeg\" \/>\n<meta name=\"twitter:card\" content=\"summary_large_image\" \/>\n<meta name=\"twitter:title\" content=\"About TLS\" \/>\n<meta name=\"twitter:description\" content=\"TLS creates and makes innovative turf growing products and services and we offer tailored solutions to perfectly match your needs\" \/>\n<meta name=\"twitter:image\" content=\"https:\/\/ra-tls.rhenac.com\/wp-content\/uploads\/2021\/10\/Sheffield.jpg\" \/>\n<meta name=\"twitter:label1\" content=\"Est. reading time\" \/>\n\t<meta name=\"twitter:data1\" content=\"3 minutes\" \/>\n<script type=\"application\/ld+json\" class=\"yoast-schema-graph\">{\"@context\":\"https:\/\/schema.org\",\"@graph\":[{\"@type\":\"WebPage\",\"@id\":\"https:\/\/ra-tls.rhenac.com\/es\/sobre\/\",\"url\":\"https:\/\/ra-tls.rhenac.com\/es\/sobre\/\",\"name\":\"Sobre - TLS\",\"isPartOf\":{\"@id\":\"https:\/\/ra-tls.rhenac.com\/es\/#website\"},\"primaryImageOfPage\":{\"@id\":\"https:\/\/ra-tls.rhenac.com\/es\/sobre\/#primaryimage\"},\"image\":{\"@id\":\"https:\/\/ra-tls.rhenac.com\/es\/sobre\/#primaryimage\"},\"thumbnailUrl\":\"https:\/\/ra-tls.rhenac.com\/wp-content\/uploads\/\/2021\/10\/arrow-right_black.svg\",\"datePublished\":\"2020-05-19T07:14:24+00:00\",\"dateModified\":\"2022-10-21T09:00:50+00:00\",\"description\":\"TLS creates and makes innovative turf growing products and services and we offer tailored solutions to perfectly match your needs\",\"breadcrumb\":{\"@id\":\"https:\/\/ra-tls.rhenac.com\/es\/sobre\/#breadcrumb\"},\"inLanguage\":\"es-ES\",\"potentialAction\":[{\"@type\":\"ReadAction\",\"target\":[\"https:\/\/ra-tls.rhenac.com\/es\/sobre\/\"]}]},{\"@type\":\"ImageObject\",\"inLanguage\":\"es-ES\",\"@id\":\"https:\/\/ra-tls.rhenac.com\/es\/sobre\/#primaryimage\",\"url\":\"https:\/\/ra-tls.rhenac.com\/wp-content\/uploads\/\/2021\/10\/arrow-right_black.svg\",\"contentUrl\":\"https:\/\/ra-tls.rhenac.com\/wp-content\/uploads\/\/2021\/10\/arrow-right_black.svg\"},{\"@type\":\"BreadcrumbList\",\"@id\":\"https:\/\/ra-tls.rhenac.com\/es\/sobre\/#breadcrumb\",\"itemListElement\":[{\"@type\":\"ListItem\",\"position\":1,\"name\":\"Home\",\"item\":\"https:\/\/ra-tls.rhenac.com\/es\/\"},{\"@type\":\"ListItem\",\"position\":2,\"name\":\"Sobre\"}]},{\"@type\":\"WebSite\",\"@id\":\"https:\/\/ra-tls.rhenac.com\/es\/#website\",\"url\":\"https:\/\/ra-tls.rhenac.com\/es\/\",\"name\":\"TLS\",\"description\":\"Ditt slagord her\",\"potentialAction\":[{\"@type\":\"SearchAction\",\"target\":{\"@type\":\"EntryPoint\",\"urlTemplate\":\"https:\/\/ra-tls.rhenac.com\/es\/?s={search_term_string}\"},\"query-input\":{\"@type\":\"PropertyValueSpecification\",\"valueRequired\":true,\"valueName\":\"search_term_string\"}}],\"inLanguage\":\"es-ES\"}]}<\/script>\n<!-- \/ Yoast SEO plugin. -->","yoast_head_json":{"title":"Sobre - TLS","description":"TLS creates and makes innovative turf growing products and services and we offer tailored solutions to perfectly match your needs","robots":{"index":"index","follow":"follow","max-snippet":"max-snippet:-1","max-image-preview":"max-image-preview:large","max-video-preview":"max-video-preview:-1"},"canonical":"https:\/\/ra-tls.rhenac.com\/es\/sobre\/","og_locale":"es_ES","og_type":"article","og_title":"About TLS","og_description":"TLS creates and makes innovative turf growing products and services and we offer tailored solutions to perfectly match your needs","og_url":"https:\/\/ra-tls.rhenac.com\/es\/sobre\/","og_site_name":"TLS","article_modified_time":"2022-10-21T09:00:50+00:00","og_image":[{"width":1600,"height":1200,"url":"https:\/\/ra-tls.rhenac.com\/wp-content\/uploads\/2021\/10\/Sheffield.jpg","type":"image\/jpeg"}],"twitter_card":"summary_large_image","twitter_title":"About TLS","twitter_description":"TLS creates and makes innovative turf growing products and services and we offer tailored solutions to perfectly match your needs","twitter_image":"https:\/\/ra-tls.rhenac.com\/wp-content\/uploads\/2021\/10\/Sheffield.jpg","twitter_misc":{"Est. reading time":"3 minutes"},"schema":{"@context":"https:\/\/schema.org","@graph":[{"@type":"WebPage","@id":"https:\/\/ra-tls.rhenac.com\/es\/sobre\/","url":"https:\/\/ra-tls.rhenac.com\/es\/sobre\/","name":"Sobre - TLS","isPartOf":{"@id":"https:\/\/ra-tls.rhenac.com\/es\/#website"},"primaryImageOfPage":{"@id":"https:\/\/ra-tls.rhenac.com\/es\/sobre\/#primaryimage"},"image":{"@id":"https:\/\/ra-tls.rhenac.com\/es\/sobre\/#primaryimage"},"thumbnailUrl":"https:\/\/ra-tls.rhenac.com\/wp-content\/uploads\/\/2021\/10\/arrow-right_black.svg","datePublished":"2020-05-19T07:14:24+00:00","dateModified":"2022-10-21T09:00:50+00:00","description":"TLS creates and makes innovative turf growing products and services and we offer tailored solutions to perfectly match your needs","breadcrumb":{"@id":"https:\/\/ra-tls.rhenac.com\/es\/sobre\/#breadcrumb"},"inLanguage":"es-ES","potentialAction":[{"@type":"ReadAction","target":["https:\/\/ra-tls.rhenac.com\/es\/sobre\/"]}]},{"@type":"ImageObject","inLanguage":"es-ES","@id":"https:\/\/ra-tls.rhenac.com\/es\/sobre\/#primaryimage","url":"https:\/\/ra-tls.rhenac.com\/wp-content\/uploads\/\/2021\/10\/arrow-right_black.svg","contentUrl":"https:\/\/ra-tls.rhenac.com\/wp-content\/uploads\/\/2021\/10\/arrow-right_black.svg"},{"@type":"BreadcrumbList","@id":"https:\/\/ra-tls.rhenac.com\/es\/sobre\/#breadcrumb","itemListElement":[{"@type":"ListItem","position":1,"name":"Home","item":"https:\/\/ra-tls.rhenac.com\/es\/"},{"@type":"ListItem","position":2,"name":"Sobre"}]},{"@type":"WebSite","@id":"https:\/\/ra-tls.rhenac.com\/es\/#website","url":"https:\/\/ra-tls.rhenac.com\/es\/","name":"TLS","description":"Ditt slagord her","potentialAction":[{"@type":"SearchAction","target":{"@type":"EntryPoint","urlTemplate":"https:\/\/ra-tls.rhenac.com\/es\/?s={search_term_string}"},"query-input":{"@type":"PropertyValueSpecification","valueRequired":true,"valueName":"search_term_string"}}],"inLanguage":"es-ES"}]}},"_links":{"self":[{"href":"https:\/\/ra-tls.rhenac.com\/es\/wp-json\/wp\/v2\/pages\/236013","targetHints":{"allow":["GET"]}}],"collection":[{"href":"https:\/\/ra-tls.rhenac.com\/es\/wp-json\/wp\/v2\/pages"}],"about":[{"href":"https:\/\/ra-tls.rhenac.com\/es\/wp-json\/wp\/v2\/types\/page"}],"author":[{"embeddable":true,"href":"https:\/\/ra-tls.rhenac.com\/es\/wp-json\/wp\/v2\/users\/1"}],"replies":[{"embeddable":true,"href":"https:\/\/ra-tls.rhenac.com\/es\/wp-json\/wp\/v2\/comments?post=236013"}],"version-history":[{"count":0,"href":"https:\/\/ra-tls.rhenac.com\/es\/wp-json\/wp\/v2\/pages\/236013\/revisions"}],"wp:attachment":[{"href":"https:\/\/ra-tls.rhenac.com\/es\/wp-json\/wp\/v2\/media?parent=236013"}],"wp:term":[{"taxonomy":"folder","embeddable":true,"href":"https:\/\/ra-tls.rhenac.com\/es\/wp-json\/wp\/v2\/folder?post=236013"}],"curies":[{"name":"wp","href":"https:\/\/api.w.org\/{rel}","templated":true}]}}