{"id":236057,"date":"2021-09-30T11:33:48","date_gmt":"2021-09-30T11:33:48","guid":{"rendered":"http:\/\/ra-tls.local\/products\/"},"modified":"2023-09-01T08:30:37","modified_gmt":"2023-09-01T08:30:37","slug":"productos","status":"publish","type":"page","link":"https:\/\/ra-tls.rhenac.com\/es\/productos\/","title":{"rendered":"Productos"},"content":{"rendered":"<p>[et_pb_section fb_built=&#8221;1&#8243; custom_padding_last_edited=&#8221;on|tablet&#8221; _builder_version=&#8221;4.16&#8243; _module_preset=&#8221;default&#8221; custom_padding=&#8221;25px||25px||true|false&#8221; custom_padding_tablet=&#8221;||||true|false&#8221; custom_padding_phone=&#8221;0px||0px||true|false&#8221; global_colors_info=&#8221;{}&#8221;][et_pb_row _builder_version=&#8221;4.16&#8243; _module_preset=&#8221;default&#8221; global_colors_info=&#8221;{}&#8221;][et_pb_column type=&#8221;4_4&#8243; _builder_version=&#8221;4.16&#8243; _module_preset=&#8221;default&#8221; global_colors_info=&#8221;{}&#8221;][et_pb_text _builder_version=&#8221;4.18.0&#8243; _module_preset=&#8221;default&#8221; text_text_color=&#8221;#2E1842&#8243; header_font=&#8221;||||||||&#8221; header_text_align=&#8221;center&#8221; header_text_color=&#8221;#2E1842&#8243; header_font_size=&#8221;54px&#8221; header_2_text_align=&#8221;center&#8221; header_3_text_color=&#8221;#2E1842&#8243; global_colors_info=&#8221;{}&#8221;]<\/p>\n<h2 class=\"tw-data-text tw-text-large tw-ta\" data-placeholder=\"Oversettelse\" id=\"tw-target-text\" dir=\"ltr\"><span class=\"Y2IQFc\" lang=\"es\">Nuestros productos<\/span><\/h2>\n<p>[\/et_pb_text][\/et_pb_column][\/et_pb_row][\/et_pb_section][et_pb_section fb_built=&#8221;1&#8243; _builder_version=&#8221;4.16&#8243; _module_preset=&#8221;b0a68055-3c3a-4627-be2b-c5a3a1657d1e&#8221; background_color=&#8221;#efefef&#8221; custom_margin=&#8221;||||false|false&#8221; custom_padding=&#8221;50px||||false|true&#8221; saved_tabs=&#8221;all&#8221; global_colors_info=&#8221;{}&#8221;][et_pb_row column_structure=&#8221;1_4,1_4,1_4,1_4&#8243; make_equal=&#8221;on&#8221; _builder_version=&#8221;4.16&#8243; _module_preset=&#8221;default&#8221; width=&#8221;100%&#8221; width_tablet=&#8221;100%&#8221; width_phone=&#8221;&#8221; width_last_edited=&#8221;on|tablet&#8221; max_width=&#8221;100%&#8221; custom_padding=&#8221;|50px||50px|false|true&#8221; global_colors_info=&#8221;{}&#8221;][et_pb_column type=&#8221;1_4&#8243; _builder_version=&#8221;4.16&#8243; _module_preset=&#8221;default&#8221; custom_padding=&#8221;||||false|true&#8221; global_colors_info=&#8221;{}&#8221;][et_pb_text _builder_version=&#8221;4.22.0&#8243; _module_preset=&#8221;default&#8221; text_text_color=&#8221;#2E1842&#8243; header_text_color=&#8221;#2E1842&#8243; header_3_font=&#8221;||||||||&#8221; header_3_text_align=&#8221;center&#8221; header_3_text_color=&#8221;#2E1842&#8243; header_3_font_size=&#8221;22px&#8221; text_orientation=&#8221;center&#8221; custom_margin=&#8221;||20px||false|false&#8221; custom_padding=&#8221;||||false|false&#8221; hover_enabled=&#8221;0&#8243; global_colors_info=&#8221;{}&#8221; header_3_font_size_last_edited=&#8221;off|desktop&#8221; sticky_enabled=&#8221;0&#8243;]<\/p>\n<h3 class=\"tw-data-text tw-text-large tw-ta\" data-placeholder=\"Oversettelse\" id=\"tw-target-text\" dir=\"ltr\"><span class=\"Y2IQFc\" lang=\"es\">Presentaci\u00f3n completa en l\u00ednea Control<\/span><\/h3>\n<p>[\/et_pb_text][et_pb_text _builder_version=&#8221;4.22.0&#8243; _module_preset=&#8221;default&#8221; text_text_color=&#8221;#2E1842&#8243; text_font_size=&#8221;14px&#8221; text_line_height=&#8221;1.8em&#8221; header_text_color=&#8221;#2E1842&#8243; header_3_text_align=&#8221;center&#8221; header_3_text_color=&#8221;#2E1842&#8243; text_orientation=&#8221;center&#8221; min_height=&#8221;120px&#8221; min_height_tablet=&#8221;&#8221; min_height_phone=&#8221;&#8221; min_height_last_edited=&#8221;on|phone&#8221; custom_padding=&#8221;||||false|true&#8221; hover_enabled=&#8221;0&#8243; global_colors_info=&#8221;{}&#8221; text_font_size_last_edited=&#8221;off|desktop&#8221; sticky_enabled=&#8221;0&#8243; custom_margin=&#8221;||57px||false|false&#8221;]<\/p>\n<p>El portal de monitoreo, control y administraci\u00f3n de Turfpal en l\u00ednea minimiza su impacto ambiental y le brinda el mejor c\u00e9sped posible por su dinero.<\/p>\n<p>[\/et_pb_text][et_pb_text module_class=&#8221;knapp_hvitPil&#8221; _builder_version=&#8221;4.18.0&#8243; _module_preset=&#8221;ac1a8e23-2865-4c30-85d0-0787ac68bbdc&#8221; text_text_color=&#8221;#FFFFFF&#8221; background_color=&#8221;#6FB63F&#8221; width=&#8221;100%&#8221; module_alignment=&#8221;center&#8221; custom_padding=&#8221;20px||||false|true&#8221; link_option_url=&#8221;https:\/\/turfpal.com\/product\/&#8221; global_colors_info=&#8221;{}&#8221;]<\/p>\n<div style=\"display: flex; justify-content: center;\">\n<p>SELECCIONE<\/p>\n<p><img decoding=\"async\" src=\"https:\/\/ra-tls.rhenac.com\/wp-content\/uploads\/\/2021\/10\/arrow-right.svg\" width=\"25\" height=\"1024\" alt=\"\" class=\"arrowRight alignnone size-large\" \/><\/p>\n<\/div>\n<p>[\/et_pb_text][\/et_pb_column][et_pb_column type=&#8221;1_4&#8243; _builder_version=&#8221;4.16&#8243; _module_preset=&#8221;default&#8221; custom_padding=&#8221;||||false|true&#8221; global_colors_info=&#8221;{}&#8221;][et_pb_text _builder_version=&#8221;4.18.0&#8243; _module_preset=&#8221;default&#8221; text_text_color=&#8221;#2E1842&#8243; header_text_color=&#8221;#2E1842&#8243; header_3_font=&#8221;||||||||&#8221; header_3_text_align=&#8221;center&#8221; header_3_text_color=&#8221;#2E1842&#8243; header_3_font_size=&#8221;22px&#8221; text_orientation=&#8221;center&#8221; custom_margin=&#8221;||20px||false|false&#8221; custom_padding=&#8221;||||false|false&#8221; global_colors_info=&#8221;{}&#8221;]<\/p>\n<h3>Iluminaci\u00f3n de c\u00e9sped<br \/>Soluciones<\/h3>\n<p>[\/et_pb_text][et_pb_text _builder_version=&#8221;4.16&#8243; _module_preset=&#8221;default&#8221; text_text_color=&#8221;#2E1842&#8243; text_font_size=&#8221;14px&#8221; text_line_height=&#8221;1.8em&#8221; header_text_color=&#8221;#2E1842&#8243; header_3_text_align=&#8221;center&#8221; header_3_text_color=&#8221;#2E1842&#8243; text_orientation=&#8221;center&#8221; min_height=&#8221;125px&#8221; min_height_tablet=&#8221;&#8221; min_height_phone=&#8221;&#8221; min_height_last_edited=&#8221;on|phone&#8221; custom_padding=&#8221;||||false|false&#8221; custom_padding_tablet=&#8221;||0px||false|true&#8221; custom_padding_phone=&#8221;&#8221; custom_padding_last_edited=&#8221;on|tablet&#8221; global_colors_info=&#8221;{}&#8221;]<\/p>\n<p>Nuestras unidades de iluminaci\u00f3n de crecimiento de c\u00e9sped inteligentes en l\u00ednea agregan exactamente la luz LED o HPS necesaria para preparar su c\u00e9sped para el pr\u00f3ximo evento.<\/p>\n<p>[\/et_pb_text][et_pb_text module_class=&#8221;knapp_hvitPil&#8221; _builder_version=&#8221;4.18.0&#8243; _dynamic_attributes=&#8221;link_option_url&#8221; _module_preset=&#8221;ac1a8e23-2865-4c30-85d0-0787ac68bbdc&#8221; background_color=&#8221;#F4E600&#8243; width=&#8221;100%&#8221; module_alignment=&#8221;center&#8221; custom_padding=&#8221;20px||||false|true&#8221; link_option_url=&#8221;@ET-DC@eyJkeW5hbWljIjp0cnVlLCJjb250ZW50IjoicG9zdF9saW5rX3VybF9wYWdlIiwic2V0dGluZ3MiOnsicG9zdF9pZCI6IjIzMzA2NyJ9fQ==@&#8221; global_colors_info=&#8221;{}&#8221;]<\/p>\n<div style=\"display: flex; justify-content: center;\">\n<p>SELECCIONE<\/p>\n<p><img decoding=\"async\" src=\"https:\/\/ra-tls.rhenac.com\/wp-content\/uploads\/\/2021\/10\/arrow-right_black.svg\" width=\"25\" height=\"1024\" alt=\"\" class=\"arrowRight alignnone size-large\" \/><\/p>\n<\/div>\n<p>[\/et_pb_text][\/et_pb_column][et_pb_column type=&#8221;1_4&#8243; _builder_version=&#8221;4.16&#8243; _module_preset=&#8221;default&#8221; global_colors_info=&#8221;{}&#8221;][et_pb_text _builder_version=&#8221;4.22.0&#8243; _module_preset=&#8221;default&#8221; text_text_color=&#8221;#2E1842&#8243; header_text_color=&#8221;#2E1842&#8243; header_3_font=&#8221;||||||||&#8221; header_3_text_align=&#8221;center&#8221; header_3_text_color=&#8221;#2E1842&#8243; header_3_font_size=&#8221;22px&#8221; text_orientation=&#8221;center&#8221; custom_margin=&#8221;||5px||false|false&#8221; custom_padding=&#8221;||||false|false&#8221; hover_enabled=&#8221;0&#8243; global_colors_info=&#8221;{}&#8221; sticky_enabled=&#8221;0&#8243;]<\/p>\n<h3>Fan\u00e1ticos del c\u00e9sped<\/h3>\n<p>[\/et_pb_text][et_pb_text _builder_version=&#8221;4.18.0&#8243; _module_preset=&#8221;default&#8221; text_text_color=&#8221;#2E1842&#8243; text_font_size=&#8221;14px&#8221; text_line_height=&#8221;1.8em&#8221; header_text_color=&#8221;#2E1842&#8243; header_3_text_align=&#8221;center&#8221; header_3_text_color=&#8221;#2E1842&#8243; text_orientation=&#8221;center&#8221; min_height=&#8221;165px&#8221; min_height_tablet=&#8221;&#8221; min_height_phone=&#8221;&#8221; min_height_last_edited=&#8221;on|phone&#8221; custom_padding=&#8221;40px||||false|true&#8221; custom_padding_tablet=&#8221;35px||0px||false|true&#8221; custom_padding_phone=&#8221;0px||||false|true&#8221; custom_padding_last_edited=&#8221;on|desktop&#8221; global_colors_info=&#8221;{}&#8221;]<\/p>\n<p>Los ventiladores para c\u00e9sped TLS mantienen su c\u00e9sped saludable a trav\u00e9s de una circulaci\u00f3n de aire eficaz y, cuando es necesario, proporcionan refrigeraci\u00f3n tanto del aire como del c\u00e9sped.<\/p>\n<p>[\/et_pb_text][et_pb_text module_class=&#8221;knapp_hvitPil&#8221; _builder_version=&#8221;4.18.0&#8243; _dynamic_attributes=&#8221;link_option_url&#8221; _module_preset=&#8221;ac1a8e23-2865-4c30-85d0-0787ac68bbdc&#8221; text_text_color=&#8221;#FFFFFF&#8221; background_color=&#8221;#2E1842&#8243; width=&#8221;100%&#8221; module_alignment=&#8221;center&#8221; custom_padding=&#8221;20px||||false|true&#8221; link_option_url=&#8221;@ET-DC@eyJkeW5hbWljIjp0cnVlLCJjb250ZW50IjoicG9zdF9saW5rX3VybF9wYWdlIiwic2V0dGluZ3MiOnsicG9zdF9pZCI6IjIzMzk4MiJ9fQ==@&#8221; global_colors_info=&#8221;{}&#8221;]<\/p>\n<div style=\"display: flex; justify-content: center;\">\n<p>SELECCIONE<\/p>\n<p><img decoding=\"async\" src=\"https:\/\/ra-tls.rhenac.com\/wp-content\/uploads\/\/2021\/10\/arrow-right.svg\" width=\"25\" height=\"1024\" alt=\"\" class=\"arrowRight alignnone size-large\" \/><\/p>\n<\/div>\n<p>[\/et_pb_text][\/et_pb_column][et_pb_column type=&#8221;1_4&#8243; _builder_version=&#8221;4.16&#8243; _module_preset=&#8221;default&#8221; global_colors_info=&#8221;{}&#8221;][et_pb_text _builder_version=&#8221;4.18.0&#8243; _module_preset=&#8221;default&#8221; text_text_color=&#8221;#2E1842&#8243; header_text_color=&#8221;#2E1842&#8243; header_3_font=&#8221;||||||||&#8221; header_3_text_align=&#8221;center&#8221; header_3_text_color=&#8221;#2E1842&#8243; header_3_font_size=&#8221;22px&#8221; text_orientation=&#8221;center&#8221; custom_margin=&#8221;||20px||false|false&#8221; custom_padding=&#8221;||||false|false&#8221; global_colors_info=&#8221;{}&#8221;]<\/p>\n<h3 class=\"tw-data-text tw-text-large tw-ta\" data-placeholder=\"Oversettelse\" id=\"tw-target-text\" dir=\"ltr\"><span class=\"Y2IQFc\" lang=\"es\">Servicio y\u00a0 Asistencia<\/span><span class=\"Y2IQFc\" lang=\"es\"><\/span><\/h3>\n<p>[\/et_pb_text][et_pb_text _builder_version=&#8221;4.22.0&#8243; _module_preset=&#8221;default&#8221; text_text_color=&#8221;#2E1842&#8243; text_font_size=&#8221;14px&#8221; text_line_height=&#8221;1.8em&#8221; header_text_color=&#8221;#2E1842&#8243; header_3_text_align=&#8221;center&#8221; header_3_text_color=&#8221;#2E1842&#8243; text_orientation=&#8221;center&#8221; min_height=&#8221;120px&#8221; min_height_tablet=&#8221;&#8221; min_height_phone=&#8221;&#8221; min_height_last_edited=&#8221;on|phone&#8221; custom_margin=&#8221;||14px||false|false&#8221; custom_padding=&#8221;||||false|true&#8221; custom_padding_tablet=&#8221;||0px||false|true&#8221; custom_padding_phone=&#8221;&#8221; custom_padding_last_edited=&#8221;on|tablet&#8221; hover_enabled=&#8221;0&#8243; global_colors_info=&#8221;{}&#8221; sticky_enabled=&#8221;0&#8243;]<\/p>\n<p>Nuestro equipo de servicio se asegura de que su inversi\u00f3n est\u00e9 bien cuidada y nuestros especialistas lo ayudan a mantener su c\u00e9sped deportivo en excelentes condiciones.<\/p>\n<p>&nbsp;<\/p>\n<p>[\/et_pb_text][et_pb_text module_class=&#8221;knapp_hvitPil&#8221; _builder_version=&#8221;4.22.0&#8243; _dynamic_attributes=&#8221;link_option_url&#8221; _module_preset=&#8221;ac1a8e23-2865-4c30-85d0-0787ac68bbdc&#8221; text_text_color=&#8221;#FFFFFF&#8221; background_color=&#8221;#E61D47&#8243; width=&#8221;100%&#8221; module_alignment=&#8221;center&#8221; custom_padding=&#8221;20px||20px||false|true&#8221; link_option_url=&#8221;@ET-DC@eyJkeW5hbWljIjp0cnVlLCJjb250ZW50IjoicG9zdF9saW5rX3VybF9wYWdlIiwic2V0dGluZ3MiOnsicG9zdF9pZCI6IjIzMjM3NiJ9fQ==@&#8221; hover_enabled=&#8221;0&#8243; global_colors_info=&#8221;{}&#8221; sticky_enabled=&#8221;0&#8243;]<\/p>\n<div style=\"display: flex; justify-content: center;\">\n<p>SELECCIONE<img decoding=\"async\" src=\"https:\/\/ra-tls.rhenac.com\/wp-content\/uploads\/\/2021\/10\/arrow-right.svg\" width=\"25\" height=\"1024\" alt=\"\" class=\"arrowRight alignnone size-large\" \/><\/p>\n<\/div>\n<p>[\/et_pb_text][\/et_pb_column][\/et_pb_row][\/et_pb_section][et_pb_section fb_built=&#8221;1&#8243; custom_padding_last_edited=&#8221;on|phone&#8221; _builder_version=&#8221;4.16&#8243; _module_preset=&#8221;b0a68055-3c3a-4627-be2b-c5a3a1657d1e&#8221; background_image=&#8221;https:\/\/ra-tls.rhenac.com\/wp-content\/uploads\/2021\/10\/besiktas.jpeg&#8221; custom_padding=&#8221;300px||400px||false|false&#8221; custom_padding_tablet=&#8221;300px||90px||false|false&#8221; custom_padding_phone=&#8221;||0px||false|false&#8221; global_colors_info=&#8221;{}&#8221;][\/et_pb_section]<\/p>\n","protected":false},"excerpt":{"rendered":"<p>Nuestros productosPresentaci\u00f3n completa en l\u00ednea ControlEl portal de monitoreo, control y administraci\u00f3n de Turfpal en l\u00ednea minimiza su impacto ambiental y le brinda el mejor c\u00e9sped posible por su dinero. SELECCIONE Iluminaci\u00f3n de c\u00e9spedSolucionesNuestras unidades de iluminaci\u00f3n de crecimiento de c\u00e9sped inteligentes en l\u00ednea agregan exactamente la luz LED o HPS necesaria para preparar su [&hellip;]<\/p>\n","protected":false},"author":1,"featured_media":0,"parent":0,"menu_order":0,"comment_status":"closed","ping_status":"closed","template":"","meta":{"_acf_changed":false,"_et_pb_use_builder":"on","_et_pb_old_content":"<!-- wp:divi\/placeholder \/-->","_et_gb_content_width":"","footnotes":""},"folder":[],"class_list":["post-236057","page","type-page","status-publish","hentry"],"acf":[],"yoast_head":"<!-- This site is optimized with the Yoast SEO plugin v25.9 - https:\/\/yoast.com\/wordpress\/plugins\/seo\/ -->\n<title>Smart, safe and cost-effective turf solutions - TLS - Products<\/title>\n<meta name=\"description\" content=\"Our products are designed with the highest level of attention to detail and they are in operation on different sports venues world wide.\" \/>\n<meta name=\"robots\" content=\"index, follow, max-snippet:-1, max-image-preview:large, max-video-preview:-1\" \/>\n<link rel=\"canonical\" href=\"https:\/\/ra-tls.rhenac.com\/es\/productos\/\" \/>\n<meta property=\"og:locale\" content=\"es_ES\" \/>\n<meta property=\"og:type\" content=\"article\" \/>\n<meta property=\"og:title\" content=\"Smart, safe and cost-effective turf solutions - TLS - Products\" \/>\n<meta property=\"og:description\" content=\"Our products are designed with the highest level of attention to detail and they are in operation on different sports venues world wide.\" \/>\n<meta property=\"og:url\" content=\"https:\/\/ra-tls.rhenac.com\/es\/productos\/\" \/>\n<meta property=\"og:site_name\" content=\"TLS\" \/>\n<meta property=\"article:modified_time\" content=\"2023-09-01T08:30:37+00:00\" \/>\n<meta property=\"og:image\" content=\"https:\/\/ra-tls.rhenac.com\/wp-content\/uploads\/2021\/11\/logo_hvit_m-bakgrunn.jpg\" \/>\n\t<meta property=\"og:image:width\" content=\"1200\" \/>\n\t<meta property=\"og:image:height\" content=\"701\" \/>\n\t<meta property=\"og:image:type\" content=\"image\/jpeg\" \/>\n<meta name=\"twitter:card\" content=\"summary_large_image\" \/>\n<meta name=\"twitter:title\" content=\"Smart, safe and cost-effective turf solutions - TLS - Products\" \/>\n<meta name=\"twitter:description\" content=\"Our products are designed with the highest level of attention to detail and they are in operation on different sports venues world wide.\" \/>\n<meta name=\"twitter:image\" content=\"https:\/\/ra-tls.rhenac.com\/wp-content\/uploads\/2021\/11\/logo_hvit_m-bakgrunn.jpg\" \/>\n<meta name=\"twitter:label1\" content=\"Est. reading time\" \/>\n\t<meta name=\"twitter:data1\" content=\"3 minutes\" \/>\n<script type=\"application\/ld+json\" class=\"yoast-schema-graph\">{\"@context\":\"https:\/\/schema.org\",\"@graph\":[{\"@type\":\"WebPage\",\"@id\":\"https:\/\/ra-tls.rhenac.com\/es\/productos\/\",\"url\":\"https:\/\/ra-tls.rhenac.com\/es\/productos\/\",\"name\":\"Smart, safe and cost-effective turf solutions - TLS - Products\",\"isPartOf\":{\"@id\":\"https:\/\/ra-tls.rhenac.com\/es\/#website\"},\"primaryImageOfPage\":{\"@id\":\"https:\/\/ra-tls.rhenac.com\/es\/productos\/#primaryimage\"},\"image\":{\"@id\":\"https:\/\/ra-tls.rhenac.com\/es\/productos\/#primaryimage\"},\"thumbnailUrl\":\"https:\/\/ra-tls.rhenac.com\/wp-content\/uploads\/\/2021\/10\/arrow-right.svg\",\"datePublished\":\"2021-09-30T11:33:48+00:00\",\"dateModified\":\"2023-09-01T08:30:37+00:00\",\"description\":\"Our products are designed with the highest level of attention to detail and they are in operation on different sports venues world wide.\",\"breadcrumb\":{\"@id\":\"https:\/\/ra-tls.rhenac.com\/es\/productos\/#breadcrumb\"},\"inLanguage\":\"es-ES\",\"potentialAction\":[{\"@type\":\"ReadAction\",\"target\":[\"https:\/\/ra-tls.rhenac.com\/es\/productos\/\"]}]},{\"@type\":\"ImageObject\",\"inLanguage\":\"es-ES\",\"@id\":\"https:\/\/ra-tls.rhenac.com\/es\/productos\/#primaryimage\",\"url\":\"https:\/\/ra-tls.rhenac.com\/wp-content\/uploads\/\/2021\/10\/arrow-right.svg\",\"contentUrl\":\"https:\/\/ra-tls.rhenac.com\/wp-content\/uploads\/\/2021\/10\/arrow-right.svg\"},{\"@type\":\"BreadcrumbList\",\"@id\":\"https:\/\/ra-tls.rhenac.com\/es\/productos\/#breadcrumb\",\"itemListElement\":[{\"@type\":\"ListItem\",\"position\":1,\"name\":\"Home\",\"item\":\"https:\/\/ra-tls.rhenac.com\/es\/\"},{\"@type\":\"ListItem\",\"position\":2,\"name\":\"Productos\"}]},{\"@type\":\"WebSite\",\"@id\":\"https:\/\/ra-tls.rhenac.com\/es\/#website\",\"url\":\"https:\/\/ra-tls.rhenac.com\/es\/\",\"name\":\"TLS\",\"description\":\"Ditt slagord her\",\"potentialAction\":[{\"@type\":\"SearchAction\",\"target\":{\"@type\":\"EntryPoint\",\"urlTemplate\":\"https:\/\/ra-tls.rhenac.com\/es\/?s={search_term_string}\"},\"query-input\":{\"@type\":\"PropertyValueSpecification\",\"valueRequired\":true,\"valueName\":\"search_term_string\"}}],\"inLanguage\":\"es-ES\"}]}<\/script>\n<!-- \/ Yoast SEO plugin. -->","yoast_head_json":{"title":"Smart, safe and cost-effective turf solutions - TLS - Products","description":"Our products are designed with the highest level of attention to detail and they are in operation on different sports venues world wide.","robots":{"index":"index","follow":"follow","max-snippet":"max-snippet:-1","max-image-preview":"max-image-preview:large","max-video-preview":"max-video-preview:-1"},"canonical":"https:\/\/ra-tls.rhenac.com\/es\/productos\/","og_locale":"es_ES","og_type":"article","og_title":"Smart, safe and cost-effective turf solutions - TLS - Products","og_description":"Our products are designed with the highest level of attention to detail and they are in operation on different sports venues world wide.","og_url":"https:\/\/ra-tls.rhenac.com\/es\/productos\/","og_site_name":"TLS","article_modified_time":"2023-09-01T08:30:37+00:00","og_image":[{"width":1200,"height":701,"url":"https:\/\/ra-tls.rhenac.com\/wp-content\/uploads\/2021\/11\/logo_hvit_m-bakgrunn.jpg","type":"image\/jpeg"}],"twitter_card":"summary_large_image","twitter_title":"Smart, safe and cost-effective turf solutions - TLS - Products","twitter_description":"Our products are designed with the highest level of attention to detail and they are in operation on different sports venues world wide.","twitter_image":"https:\/\/ra-tls.rhenac.com\/wp-content\/uploads\/2021\/11\/logo_hvit_m-bakgrunn.jpg","twitter_misc":{"Est. reading time":"3 minutes"},"schema":{"@context":"https:\/\/schema.org","@graph":[{"@type":"WebPage","@id":"https:\/\/ra-tls.rhenac.com\/es\/productos\/","url":"https:\/\/ra-tls.rhenac.com\/es\/productos\/","name":"Smart, safe and cost-effective turf solutions - TLS - Products","isPartOf":{"@id":"https:\/\/ra-tls.rhenac.com\/es\/#website"},"primaryImageOfPage":{"@id":"https:\/\/ra-tls.rhenac.com\/es\/productos\/#primaryimage"},"image":{"@id":"https:\/\/ra-tls.rhenac.com\/es\/productos\/#primaryimage"},"thumbnailUrl":"https:\/\/ra-tls.rhenac.com\/wp-content\/uploads\/\/2021\/10\/arrow-right.svg","datePublished":"2021-09-30T11:33:48+00:00","dateModified":"2023-09-01T08:30:37+00:00","description":"Our products are designed with the highest level of attention to detail and they are in operation on different sports venues world wide.","breadcrumb":{"@id":"https:\/\/ra-tls.rhenac.com\/es\/productos\/#breadcrumb"},"inLanguage":"es-ES","potentialAction":[{"@type":"ReadAction","target":["https:\/\/ra-tls.rhenac.com\/es\/productos\/"]}]},{"@type":"ImageObject","inLanguage":"es-ES","@id":"https:\/\/ra-tls.rhenac.com\/es\/productos\/#primaryimage","url":"https:\/\/ra-tls.rhenac.com\/wp-content\/uploads\/\/2021\/10\/arrow-right.svg","contentUrl":"https:\/\/ra-tls.rhenac.com\/wp-content\/uploads\/\/2021\/10\/arrow-right.svg"},{"@type":"BreadcrumbList","@id":"https:\/\/ra-tls.rhenac.com\/es\/productos\/#breadcrumb","itemListElement":[{"@type":"ListItem","position":1,"name":"Home","item":"https:\/\/ra-tls.rhenac.com\/es\/"},{"@type":"ListItem","position":2,"name":"Productos"}]},{"@type":"WebSite","@id":"https:\/\/ra-tls.rhenac.com\/es\/#website","url":"https:\/\/ra-tls.rhenac.com\/es\/","name":"TLS","description":"Ditt slagord her","potentialAction":[{"@type":"SearchAction","target":{"@type":"EntryPoint","urlTemplate":"https:\/\/ra-tls.rhenac.com\/es\/?s={search_term_string}"},"query-input":{"@type":"PropertyValueSpecification","valueRequired":true,"valueName":"search_term_string"}}],"inLanguage":"es-ES"}]}},"_links":{"self":[{"href":"https:\/\/ra-tls.rhenac.com\/es\/wp-json\/wp\/v2\/pages\/236057","targetHints":{"allow":["GET"]}}],"collection":[{"href":"https:\/\/ra-tls.rhenac.com\/es\/wp-json\/wp\/v2\/pages"}],"about":[{"href":"https:\/\/ra-tls.rhenac.com\/es\/wp-json\/wp\/v2\/types\/page"}],"author":[{"embeddable":true,"href":"https:\/\/ra-tls.rhenac.com\/es\/wp-json\/wp\/v2\/users\/1"}],"replies":[{"embeddable":true,"href":"https:\/\/ra-tls.rhenac.com\/es\/wp-json\/wp\/v2\/comments?post=236057"}],"version-history":[{"count":0,"href":"https:\/\/ra-tls.rhenac.com\/es\/wp-json\/wp\/v2\/pages\/236057\/revisions"}],"wp:attachment":[{"href":"https:\/\/ra-tls.rhenac.com\/es\/wp-json\/wp\/v2\/media?parent=236057"}],"wp:term":[{"taxonomy":"folder","embeddable":true,"href":"https:\/\/ra-tls.rhenac.com\/es\/wp-json\/wp\/v2\/folder?post=236057"}],"curies":[{"name":"wp","href":"https:\/\/api.w.org\/{rel}","templated":true}]}}