{"id":236068,"date":"2021-10-27T09:35:34","date_gmt":"2021-10-27T09:35:34","guid":{"rendered":"http:\/\/ra-tls.local\/tls-turf-fan-series\/"},"modified":"2022-10-13T08:38:14","modified_gmt":"2022-10-13T08:38:14","slug":"tls-turf-fan-series","status":"publish","type":"page","link":"https:\/\/ra-tls.rhenac.com\/es\/tls-turf-fan-series\/","title":{"rendered":"TLS Turf fan Series"},"content":{"rendered":"<p>[et_pb_section fb_built=&#8221;1&#8243; custom_padding_last_edited=&#8221;on|phone&#8221; _builder_version=&#8221;4.16&#8243; _module_preset=&#8221;default&#8221; custom_padding=&#8221;40px||150px||false|false&#8221; custom_padding_tablet=&#8221;0px||||false|false&#8221; custom_padding_phone=&#8221;&#8221; global_colors_info=&#8221;{}&#8221;][et_pb_row _builder_version=&#8221;4.16&#8243; _module_preset=&#8221;default&#8221; global_colors_info=&#8221;{}&#8221;][et_pb_column type=&#8221;4_4&#8243; _builder_version=&#8221;4.16&#8243; _module_preset=&#8221;default&#8221; global_colors_info=&#8221;{}&#8221;][et_pb_text _builder_version=&#8221;4.18.0&#8243; _module_preset=&#8221;default&#8221; header_font=&#8221;||||||||&#8221; global_colors_info=&#8221;{}&#8221;]<\/p>\n<h1>Informaci\u00f3n del producto Turf FANS<\/h1>\n<p>[\/et_pb_text][\/et_pb_column][\/et_pb_row][\/et_pb_section][et_pb_section fb_built=&#8221;1&#8243; _builder_version=&#8221;4.16&#8243; _module_preset=&#8221;b0a68055-3c3a-4627-be2b-c5a3a1657d1e&#8221; background_enable_color=&#8221;off&#8221; background_image=&#8221;https:\/\/ra-tls.rhenac.com\/wp-content\/uploads\/2021\/10\/Sheffield.jpg&#8221; min_height=&#8221;555px&#8221; min_height_tablet=&#8221;300px&#8221; min_height_last_edited=&#8221;off|tablet&#8221; custom_margin=&#8221;0px||0px||false|false&#8221; custom_padding=&#8221;0px||0px||false|false&#8221; background_last_edited=&#8221;on|tablet&#8221; background_position_tablet=&#8221;center_right&#8221; global_colors_info=&#8221;{}&#8221;][et_pb_row column_structure=&#8221;3_4,1_4&#8243; use_custom_gutter=&#8221;on&#8221; gutter_width=&#8221;1&#8243; _builder_version=&#8221;4.16&#8243; _module_preset=&#8221;default&#8221; background_color=&#8221;RGBA(0,0,0,0)&#8221; vertical_offset=&#8221;-150px&#8221; width_tablet=&#8221;80%&#8221; width_phone=&#8221;90%&#8221; width_last_edited=&#8221;on|phone&#8221; custom_margin=&#8221;0px||0px||false|false&#8221; custom_padding=&#8221;0px||0px||false|false&#8221; global_colors_info=&#8221;{}&#8221;][et_pb_column type=&#8221;3_4&#8243; _builder_version=&#8221;4.16&#8243; _module_preset=&#8221;default&#8221; background_color=&#8221;#2E1842&#8243; positioning=&#8221;none&#8221; position_origin_f=&#8221;center_center&#8221; vertical_offset=&#8221;-215px&#8221; global_colors_info=&#8221;{}&#8221;][et_pb_text _builder_version=&#8221;4.18.0&#8243; _module_preset=&#8221;08a15ae0-0f40-43b0-9bfe-773de08c894f&#8221; text_text_color=&#8221;#F4E600&#8243; header_2_font=&#8221;||||||||&#8221; header_3_text_color=&#8221;#DBFC87&#8243; header_3_font_size=&#8221;24px&#8221; background_enable_color=&#8221;off&#8221; width=&#8221;100%&#8221; max_width=&#8221;100%&#8221; custom_padding=&#8221;34px|50px|34px|50px|true|true&#8221; custom_padding_tablet=&#8221;&#8221; custom_padding_phone=&#8221;|30px|10px|30px|false|true&#8221; custom_padding_last_edited=&#8221;on|phone&#8221; global_colors_info=&#8221;{}&#8221;]<\/p>\n<h3>Los ventiladores para c\u00e9sped TLS mantienen su c\u00e9sped saludable a trav\u00e9s de una circulaci\u00f3n de aire eficaz y, cuando es necesario, proporcionan refrigeraci\u00f3n tanto para el aire como para el c\u00e9sped.<\/h3>\n<p>[\/et_pb_text][et_pb_text _builder_version=&#8221;4.18.0&#8243; _module_preset=&#8221;default&#8221; text_text_color=&#8221;#FFFFFF&#8221; header_2_font=&#8221;||||||||&#8221; background_enable_color=&#8221;off&#8221; width=&#8221;100%&#8221; max_width=&#8221;100%&#8221; custom_padding=&#8221;10px|50px|50px|50px|false|true&#8221; custom_padding_tablet=&#8221;&#8221; custom_padding_phone=&#8221;|30px|40px|30px|false|true&#8221; custom_padding_last_edited=&#8221;on|phone&#8221; global_colors_info=&#8221;{}&#8221;]<\/p>\n<p>Promover un c\u00e9sped m\u00e1s saludable a trav\u00e9s de una circulaci\u00f3n de aire mejorada y la reducci\u00f3n del estr\u00e9s impartido por el calor y el aire estancado en estadios deportivos parcialmente cerrados son las razones principales para usar los ventiladores TLS en c\u00e9sped deportivo. Cuando la temperatura del subsuelo de un c\u00e9sped alcanza niveles altos, las ra\u00edces del c\u00e9sped comienzan a encogerse, disminuyendo la calidad de la superficie del green. Al asegurar una buena circulaci\u00f3n de aire y controlar la humedad y la temperatura, los Turf Fans ayudan a prevenir el estr\u00e9s y las enfermedades de las plantas.<\/p>\n<p>[\/et_pb_text][\/et_pb_column][et_pb_column type=&#8221;1_4&#8243; _builder_version=&#8221;4.16&#8243; _module_preset=&#8221;default&#8221; background_color=&#8221;RGBA(0,0,0,0)&#8221; position_origin_f=&#8221;center_center&#8221; vertical_offset=&#8221;-215px&#8221; global_colors_info=&#8221;{}&#8221;][\/et_pb_column][\/et_pb_row][\/et_pb_section][et_pb_section fb_built=&#8221;1&#8243; custom_padding_last_edited=&#8221;on|phone&#8221; module_class=&#8221;selectYourTLSRig&#8221; _builder_version=&#8221;4.16&#8243; _module_preset=&#8221;b0a68055-3c3a-4627-be2b-c5a3a1657d1e&#8221; custom_margin=&#8221;||||false|false&#8221; custom_margin_tablet=&#8221;0vw||||false|false&#8221; custom_margin_phone=&#8221;225px||||false|false&#8221; custom_margin_last_edited=&#8221;off|tablet&#8221; custom_padding=&#8221;70px||100px||false|false&#8221; custom_padding_tablet=&#8221;50px||0px||false|false&#8221; custom_padding_phone=&#8221;40px||0px||false|false&#8221; global_colors_info=&#8221;{}&#8221;][et_pb_row _builder_version=&#8221;4.16&#8243; _module_preset=&#8221;default&#8221; custom_margin=&#8221;||||false|false&#8221; global_colors_info=&#8221;{}&#8221;][et_pb_column type=&#8221;4_4&#8243; _builder_version=&#8221;4.16&#8243; _module_preset=&#8221;default&#8221; global_colors_info=&#8221;{}&#8221;][et_pb_text _builder_version=&#8221;4.18.0&#8243; _module_preset=&#8221;8e34fe5e-6ffa-41fd-913e-b6a52e9b0982&#8243; hover_enabled=&#8221;0&#8243; header_2_text_align_tablet=&#8221;&#8221; header_2_text_align_phone=&#8221;center&#8221; header_2_text_align_last_edited=&#8221;on|phone&#8221; global_colors_info=&#8221;{}&#8221; sticky_enabled=&#8221;0&#8243;]<\/p>\n<h2 class=\"tw-data-text tw-text-large tw-ta\" data-placeholder=\"Oversettelse\" id=\"tw-target-text\" dir=\"ltr\"><span class=\"Y2IQFc\" lang=\"es\">Seleccione su ventilador TLS Turf<\/span><\/h2>\n<p>[\/et_pb_text][\/et_pb_column][\/et_pb_row][et_pb_row column_structure=&#8221;1_3,1_3,1_3&#8243; use_custom_gutter=&#8221;on&#8221; gutter_width=&#8221;3&#8243; disabled_on=&#8221;off|off|off&#8221; _builder_version=&#8221;4.16&#8243; _module_preset=&#8221;default&#8221; custom_margin=&#8221;0px||||false|false&#8221; custom_padding=&#8221;0px||||false|false&#8221; module_alignment_tablet=&#8221;center&#8221; module_alignment_phone=&#8221;center&#8221; module_alignment_last_edited=&#8221;on|phone&#8221; global_colors_info=&#8221;{}&#8221;][et_pb_column type=&#8221;1_3&#8243; _builder_version=&#8221;4.16&#8243; _module_preset=&#8221;default&#8221; background_enable_color=&#8221;off&#8221; custom_padding=&#8221;10px||10px||true|true&#8221; global_colors_info=&#8221;{}&#8221;][et_pb_divider show_divider=&#8221;off&#8221; _builder_version=&#8221;4.16&#8243; _module_preset=&#8221;default&#8221; background_image=&#8221;https:\/\/ra-tls.rhenac.com\/wp-content\/uploads\/2021\/10\/Turffan-50.jpg&#8221; min_height=&#8221;240px&#8221; custom_margin=&#8221;||0px||false|false&#8221; global_colors_info=&#8221;{}&#8221;][\/et_pb_divider][et_pb_text _builder_version=&#8221;4.16&#8243; _dynamic_attributes=&#8221;link_option_url&#8221; _module_preset=&#8221;f1dd1c3f-df06-4048-91b6-d368e1ad156e&#8221; custom_padding=&#8221;25px|30px|5px|30px|false|true&#8221; link_option_url=&#8221;@ET-DC@eyJkeW5hbWljIjp0cnVlLCJjb250ZW50IjoicG9zdF9saW5rX3VybF9mYW4iLCJzZXR0aW5ncyI6eyJwb3N0X2lkIjoiMjM0MDY2In19@&#8221; global_colors_info=&#8221;{}&#8221;]<\/p>\n<div style=\"display: flex; justify-content: center;\">\n<p><img decoding=\"async\" src=\"https:\/\/ra-tls.rhenac.com\/wp-content\/uploads\/\/2021\/10\/arrow-right_yellow.svg\" width=\"20\" height=\"1024\" alt=\"\" class=\"arrowLeft alignnone size-large\" \/><\/p>\n<p>TLS Turf fan AC 50<\/p>\n<\/div>\n<p>[\/et_pb_text][\/et_pb_column][et_pb_column type=&#8221;1_3&#8243; _builder_version=&#8221;4.16&#8243; _module_preset=&#8221;default&#8221; background_enable_color=&#8221;off&#8221; custom_padding=&#8221;10px||10px||true|true&#8221; global_colors_info=&#8221;{}&#8221;][et_pb_divider show_divider=&#8221;off&#8221; _builder_version=&#8221;4.16&#8243; _module_preset=&#8221;default&#8221; background_image=&#8221;https:\/\/ra-tls.rhenac.com\/wp-content\/uploads\/2021\/10\/TLS-Turffan-cs90.png&#8221; background_size=&#8221;contain&#8221; min_height=&#8221;230px&#8221; custom_margin=&#8221;||10px||false|false&#8221; global_colors_info=&#8221;{}&#8221;][\/et_pb_divider][et_pb_text _builder_version=&#8221;4.16&#8243; _dynamic_attributes=&#8221;link_option_url&#8221; _module_preset=&#8221;f1dd1c3f-df06-4048-91b6-d368e1ad156e&#8221; custom_padding=&#8221;25px|30px|5px|30px|false|true&#8221; link_option_url=&#8221;@ET-DC@eyJkeW5hbWljIjp0cnVlLCJjb250ZW50IjoicG9zdF9saW5rX3VybF9mYW4iLCJzZXR0aW5ncyI6eyJwb3N0X2lkIjoiMjM0MDUxIn19@&#8221; global_colors_info=&#8221;{}&#8221;]<\/p>\n<div style=\"display: flex; justify-content: center;\">\n<p><img decoding=\"async\" src=\"https:\/\/ra-tls.rhenac.com\/wp-content\/uploads\/\/2021\/10\/arrow-right_yellow.svg\" width=\"20\" height=\"1024\" alt=\"\" class=\"arrowLeft alignnone size-large\" \/><\/p>\n<p>TLS Turf fan SC60 &amp; SC90<\/p>\n<\/div>\n<p>[\/et_pb_text][\/et_pb_column][et_pb_column type=&#8221;1_3&#8243; _builder_version=&#8221;4.16&#8243; _module_preset=&#8221;default&#8221; background_enable_color=&#8221;off&#8221; custom_padding=&#8221;10px||10px||true|true&#8221; global_colors_info=&#8221;{}&#8221;][\/et_pb_column][\/et_pb_row][\/et_pb_section]<\/p>\n","protected":false},"excerpt":{"rendered":"<p>Informaci\u00f3n del producto Turf FANSLos ventiladores para c\u00e9sped TLS mantienen su c\u00e9sped saludable a trav\u00e9s de una circulaci\u00f3n de aire eficaz y, cuando es necesario, proporcionan refrigeraci\u00f3n tanto para el aire como para el c\u00e9sped.Promover un c\u00e9sped m\u00e1s saludable a trav\u00e9s de una circulaci\u00f3n de aire mejorada y la reducci\u00f3n del estr\u00e9s impartido por el [&hellip;]<\/p>\n","protected":false},"author":1,"featured_media":0,"parent":0,"menu_order":0,"comment_status":"closed","ping_status":"closed","template":"","meta":{"_acf_changed":false,"_et_pb_use_builder":"on","_et_pb_old_content":"","_et_gb_content_width":"","footnotes":""},"folder":[],"class_list":["post-236068","page","type-page","status-publish","hentry"],"acf":[],"yoast_head":"<!-- This site is optimized with the Yoast SEO plugin v25.9 - https:\/\/yoast.com\/wordpress\/plugins\/seo\/ -->\n<title>TLS Turf fan Series - TLS<\/title>\n<meta name=\"robots\" content=\"index, follow, max-snippet:-1, max-image-preview:large, max-video-preview:-1\" \/>\n<link rel=\"canonical\" href=\"https:\/\/ra-tls.rhenac.com\/es\/tls-turf-fan-series\/\" \/>\n<meta property=\"og:locale\" content=\"es_ES\" \/>\n<meta property=\"og:type\" content=\"article\" \/>\n<meta property=\"og:title\" content=\"TLS Turf fan Series - TLS\" \/>\n<meta property=\"og:description\" content=\"Informaci\u00f3n del producto Turf FANSLos ventiladores para c\u00e9sped TLS mantienen su c\u00e9sped saludable a trav\u00e9s de una circulaci\u00f3n de aire eficaz y, cuando es necesario, proporcionan refrigeraci\u00f3n tanto para el aire como para el c\u00e9sped.Promover un c\u00e9sped m\u00e1s saludable a trav\u00e9s de una circulaci\u00f3n de aire mejorada y la reducci\u00f3n del estr\u00e9s impartido por el [&hellip;]\" \/>\n<meta property=\"og:url\" content=\"https:\/\/ra-tls.rhenac.com\/es\/tls-turf-fan-series\/\" \/>\n<meta property=\"og:site_name\" content=\"TLS\" \/>\n<meta property=\"article:modified_time\" content=\"2022-10-13T08:38:14+00:00\" \/>\n<meta property=\"og:image\" content=\"https:\/\/ra-tls.rhenac.com\/wp-content\/uploads\/\/2021\/10\/arrow-right_yellow.svg\" \/>\n<meta name=\"twitter:card\" content=\"summary_large_image\" \/>\n<meta name=\"twitter:label1\" content=\"Est. reading time\" \/>\n\t<meta name=\"twitter:data1\" content=\"2 minutes\" \/>\n<script type=\"application\/ld+json\" class=\"yoast-schema-graph\">{\"@context\":\"https:\/\/schema.org\",\"@graph\":[{\"@type\":\"WebPage\",\"@id\":\"https:\/\/ra-tls.rhenac.com\/es\/tls-turf-fan-series\/\",\"url\":\"https:\/\/ra-tls.rhenac.com\/es\/tls-turf-fan-series\/\",\"name\":\"TLS Turf fan Series - TLS\",\"isPartOf\":{\"@id\":\"https:\/\/ra-tls.rhenac.com\/es\/#website\"},\"primaryImageOfPage\":{\"@id\":\"https:\/\/ra-tls.rhenac.com\/es\/tls-turf-fan-series\/#primaryimage\"},\"image\":{\"@id\":\"https:\/\/ra-tls.rhenac.com\/es\/tls-turf-fan-series\/#primaryimage\"},\"thumbnailUrl\":\"https:\/\/ra-tls.rhenac.com\/wp-content\/uploads\/\/2021\/10\/arrow-right_yellow.svg\",\"datePublished\":\"2021-10-27T09:35:34+00:00\",\"dateModified\":\"2022-10-13T08:38:14+00:00\",\"breadcrumb\":{\"@id\":\"https:\/\/ra-tls.rhenac.com\/es\/tls-turf-fan-series\/#breadcrumb\"},\"inLanguage\":\"es-ES\",\"potentialAction\":[{\"@type\":\"ReadAction\",\"target\":[\"https:\/\/ra-tls.rhenac.com\/es\/tls-turf-fan-series\/\"]}]},{\"@type\":\"ImageObject\",\"inLanguage\":\"es-ES\",\"@id\":\"https:\/\/ra-tls.rhenac.com\/es\/tls-turf-fan-series\/#primaryimage\",\"url\":\"https:\/\/ra-tls.rhenac.com\/wp-content\/uploads\/\/2021\/10\/arrow-right_yellow.svg\",\"contentUrl\":\"https:\/\/ra-tls.rhenac.com\/wp-content\/uploads\/\/2021\/10\/arrow-right_yellow.svg\"},{\"@type\":\"BreadcrumbList\",\"@id\":\"https:\/\/ra-tls.rhenac.com\/es\/tls-turf-fan-series\/#breadcrumb\",\"itemListElement\":[{\"@type\":\"ListItem\",\"position\":1,\"name\":\"Home\",\"item\":\"https:\/\/ra-tls.rhenac.com\/es\/\"},{\"@type\":\"ListItem\",\"position\":2,\"name\":\"TLS Turf fan Series\"}]},{\"@type\":\"WebSite\",\"@id\":\"https:\/\/ra-tls.rhenac.com\/es\/#website\",\"url\":\"https:\/\/ra-tls.rhenac.com\/es\/\",\"name\":\"TLS\",\"description\":\"Ditt slagord her\",\"potentialAction\":[{\"@type\":\"SearchAction\",\"target\":{\"@type\":\"EntryPoint\",\"urlTemplate\":\"https:\/\/ra-tls.rhenac.com\/es\/?s={search_term_string}\"},\"query-input\":{\"@type\":\"PropertyValueSpecification\",\"valueRequired\":true,\"valueName\":\"search_term_string\"}}],\"inLanguage\":\"es-ES\"}]}<\/script>\n<!-- \/ Yoast SEO plugin. -->","yoast_head_json":{"title":"TLS Turf fan Series - TLS","robots":{"index":"index","follow":"follow","max-snippet":"max-snippet:-1","max-image-preview":"max-image-preview:large","max-video-preview":"max-video-preview:-1"},"canonical":"https:\/\/ra-tls.rhenac.com\/es\/tls-turf-fan-series\/","og_locale":"es_ES","og_type":"article","og_title":"TLS Turf fan Series - TLS","og_description":"Informaci\u00f3n del producto Turf FANSLos ventiladores para c\u00e9sped TLS mantienen su c\u00e9sped saludable a trav\u00e9s de una circulaci\u00f3n de aire eficaz y, cuando es necesario, proporcionan refrigeraci\u00f3n tanto para el aire como para el c\u00e9sped.Promover un c\u00e9sped m\u00e1s saludable a trav\u00e9s de una circulaci\u00f3n de aire mejorada y la reducci\u00f3n del estr\u00e9s impartido por el [&hellip;]","og_url":"https:\/\/ra-tls.rhenac.com\/es\/tls-turf-fan-series\/","og_site_name":"TLS","article_modified_time":"2022-10-13T08:38:14+00:00","og_image":[{"url":"https:\/\/ra-tls.rhenac.com\/wp-content\/uploads\/\/2021\/10\/arrow-right_yellow.svg","type":"","width":"","height":""}],"twitter_card":"summary_large_image","twitter_misc":{"Est. reading time":"2 minutes"},"schema":{"@context":"https:\/\/schema.org","@graph":[{"@type":"WebPage","@id":"https:\/\/ra-tls.rhenac.com\/es\/tls-turf-fan-series\/","url":"https:\/\/ra-tls.rhenac.com\/es\/tls-turf-fan-series\/","name":"TLS Turf fan Series - TLS","isPartOf":{"@id":"https:\/\/ra-tls.rhenac.com\/es\/#website"},"primaryImageOfPage":{"@id":"https:\/\/ra-tls.rhenac.com\/es\/tls-turf-fan-series\/#primaryimage"},"image":{"@id":"https:\/\/ra-tls.rhenac.com\/es\/tls-turf-fan-series\/#primaryimage"},"thumbnailUrl":"https:\/\/ra-tls.rhenac.com\/wp-content\/uploads\/\/2021\/10\/arrow-right_yellow.svg","datePublished":"2021-10-27T09:35:34+00:00","dateModified":"2022-10-13T08:38:14+00:00","breadcrumb":{"@id":"https:\/\/ra-tls.rhenac.com\/es\/tls-turf-fan-series\/#breadcrumb"},"inLanguage":"es-ES","potentialAction":[{"@type":"ReadAction","target":["https:\/\/ra-tls.rhenac.com\/es\/tls-turf-fan-series\/"]}]},{"@type":"ImageObject","inLanguage":"es-ES","@id":"https:\/\/ra-tls.rhenac.com\/es\/tls-turf-fan-series\/#primaryimage","url":"https:\/\/ra-tls.rhenac.com\/wp-content\/uploads\/\/2021\/10\/arrow-right_yellow.svg","contentUrl":"https:\/\/ra-tls.rhenac.com\/wp-content\/uploads\/\/2021\/10\/arrow-right_yellow.svg"},{"@type":"BreadcrumbList","@id":"https:\/\/ra-tls.rhenac.com\/es\/tls-turf-fan-series\/#breadcrumb","itemListElement":[{"@type":"ListItem","position":1,"name":"Home","item":"https:\/\/ra-tls.rhenac.com\/es\/"},{"@type":"ListItem","position":2,"name":"TLS Turf fan Series"}]},{"@type":"WebSite","@id":"https:\/\/ra-tls.rhenac.com\/es\/#website","url":"https:\/\/ra-tls.rhenac.com\/es\/","name":"TLS","description":"Ditt slagord her","potentialAction":[{"@type":"SearchAction","target":{"@type":"EntryPoint","urlTemplate":"https:\/\/ra-tls.rhenac.com\/es\/?s={search_term_string}"},"query-input":{"@type":"PropertyValueSpecification","valueRequired":true,"valueName":"search_term_string"}}],"inLanguage":"es-ES"}]}},"_links":{"self":[{"href":"https:\/\/ra-tls.rhenac.com\/es\/wp-json\/wp\/v2\/pages\/236068","targetHints":{"allow":["GET"]}}],"collection":[{"href":"https:\/\/ra-tls.rhenac.com\/es\/wp-json\/wp\/v2\/pages"}],"about":[{"href":"https:\/\/ra-tls.rhenac.com\/es\/wp-json\/wp\/v2\/types\/page"}],"author":[{"embeddable":true,"href":"https:\/\/ra-tls.rhenac.com\/es\/wp-json\/wp\/v2\/users\/1"}],"replies":[{"embeddable":true,"href":"https:\/\/ra-tls.rhenac.com\/es\/wp-json\/wp\/v2\/comments?post=236068"}],"version-history":[{"count":0,"href":"https:\/\/ra-tls.rhenac.com\/es\/wp-json\/wp\/v2\/pages\/236068\/revisions"}],"wp:attachment":[{"href":"https:\/\/ra-tls.rhenac.com\/es\/wp-json\/wp\/v2\/media?parent=236068"}],"wp:term":[{"taxonomy":"folder","embeddable":true,"href":"https:\/\/ra-tls.rhenac.com\/es\/wp-json\/wp\/v2\/folder?post=236068"}],"curies":[{"name":"wp","href":"https:\/\/api.w.org\/{rel}","templated":true}]}}