{"id":236119,"date":"2021-10-05T08:01:16","date_gmt":"2021-10-05T08:01:16","guid":{"rendered":"http:\/\/ra-tls.local\/products\/mobile-turf-grow-lighting-rigs\/"},"modified":"2022-10-19T12:31:24","modified_gmt":"2022-10-19T12:31:24","slug":"mobile-turf-grow-lighting-rigs","status":"publish","type":"page","link":"https:\/\/ra-tls.rhenac.com\/es\/productos\/mobile-turf-grow-lighting-rigs\/","title":{"rendered":"Mobile Turf Grow Lighting Rigs"},"content":{"rendered":"<p>[et_pb_section fb_built=&#8221;1&#8243; custom_padding_last_edited=&#8221;on|phone&#8221; _builder_version=&#8221;4.16&#8243; _module_preset=&#8221;default&#8221; custom_padding=&#8221;40px|||||&#8221; custom_padding_tablet=&#8221;0px||||false|false&#8221; custom_padding_phone=&#8221;&#8221; global_colors_info=&#8221;{}&#8221;][et_pb_row _builder_version=&#8221;4.16&#8243; _module_preset=&#8221;default&#8221; global_colors_info=&#8221;{}&#8221;][et_pb_column type=&#8221;4_4&#8243; _builder_version=&#8221;4.16&#8243; _module_preset=&#8221;default&#8221; global_colors_info=&#8221;{}&#8221;][et_pb_text _builder_version=&#8221;4.18.0&#8243; _module_preset=&#8221;default&#8221; text_text_color=&#8221;#2E1842&#8243; header_font=&#8221;||||||||&#8221; header_text_color=&#8221;#2E1842&#8243; custom_padding=&#8221;||20px||false|false&#8221; hover_enabled=&#8221;0&#8243; global_colors_info=&#8221;{}&#8221; sticky_enabled=&#8221;0&#8243;]<\/p>\n<h1>Plataformas m\u00f3viles de iluminaci\u00f3n para el c\u00e9sped<\/h1>\n<p>[\/et_pb_text][\/et_pb_column][\/et_pb_row][\/et_pb_section][et_pb_section fb_built=&#8221;1&#8243; _builder_version=&#8221;4.16&#8243; _module_preset=&#8221;b0a68055-3c3a-4627-be2b-c5a3a1657d1e&#8221; background_image=&#8221;https:\/\/ra-tls.rhenac.com\/wp-content\/uploads\/2021\/10\/TLS-36T-2_crop.jpg&#8221; custom_padding=&#8221;0px||370px||false|false&#8221; global_colors_info=&#8221;{}&#8221;][et_pb_row _builder_version=&#8221;4.16&#8243; _module_preset=&#8221;default&#8221; custom_margin=&#8221;0px||0px||false|false&#8221; custom_padding=&#8221;0px||0px||false|false&#8221; global_colors_info=&#8221;{}&#8221;][et_pb_column type=&#8221;4_4&#8243; _builder_version=&#8221;4.16&#8243; _module_preset=&#8221;default&#8221; global_colors_info=&#8221;{}&#8221;][et_pb_text _builder_version=&#8221;4.18.0&#8243; _module_preset=&#8221;default&#8221; header_2_font=&#8221;||||||||&#8221; header_2_font_size=&#8221;36px&#8221; background_color=&#8221;#F4E600&#8243; width=&#8221;990px&#8221; width_tablet=&#8221;100%&#8221; width_phone=&#8221;&#8221; width_last_edited=&#8221;on|phone&#8221; max_width=&#8221;100%&#8221; min_height=&#8221;350px&#8221; custom_margin=&#8221;-80px||60px||false|false&#8221; custom_padding=&#8221;60px|100px|70px|60px|false|false&#8221; custom_padding_tablet=&#8221;40px|40px|40px|40px|false|false&#8221; custom_padding_phone=&#8221;&#8221; custom_padding_last_edited=&#8221;on|tablet&#8221; hover_enabled=&#8221;0&#8243; header_2_font_size_phone=&#8221;18px&#8221; global_colors_info=&#8221;{}&#8221; sticky_enabled=&#8221;0&#8243;]<\/p>\n<h2>Asegure el crecimiento \u00f3ptimo de la hierba<\/h2>\n<p><nbsp><br \/><span class=\"NormalTextRun SCXW9665429 BCX0\">El c\u00e9sped deportivo est\u00e1 expuesto a un uso intensivo estacional y los estadios deportivos modernos albergan m\u00faltiples eventos. La luz natural <\/span><span class=\"NormalTextRun SCXW9665429 BCX0\">de la que se dispone <\/span><span class=\"NormalTextRun SCXW9665429 BCX0\">puede ser insuficiente para mantener un c\u00e9sped de alta calidad durante toda la temporada. En \u00e1reas de clima m\u00e1s fr\u00edo tambi\u00e9n se necesita calor adicional para asegurar un crecimiento \u00f3ptimo del c\u00e9sped<\/span><br \/><\/nbsp><\/p>\n<p>[\/et_pb_text][\/et_pb_column][\/et_pb_row][et_pb_row _builder_version=&#8221;4.16&#8243; _module_preset=&#8221;default&#8221; background_color=&#8221;RGBA(0,0,0,0)&#8221; positioning=&#8221;absolute&#8221; position_origin_a=&#8221;bottom_center&#8221; vertical_offset=&#8221;260px&#8221; z_index=&#8221;40&#8243; vertical_offset_tablet=&#8221;200px&#8221; vertical_offset_phone=&#8221;200px&#8221; vertical_offset_last_edited=&#8221;on|phone&#8221; position_origin_a_tablet=&#8221;top_center&#8221; position_origin_a_phone=&#8221;bottom_center&#8221; position_origin_a_last_edited=&#8221;on|phone&#8221; position_origin_f_tablet=&#8221;&#8221; position_origin_f_phone=&#8221;&#8221; position_origin_f_last_edited=&#8221;on|phone&#8221; position_origin_r_tablet=&#8221;&#8221; position_origin_r_phone=&#8221;&#8221; position_origin_r_last_edited=&#8221;on|phone&#8221; custom_margin=&#8221;0px||0px||false|false&#8221; custom_padding=&#8221;0px||0px||false|false&#8221; positioning_tablet=&#8221;&#8221; positioning_phone=&#8221;&#8221; positioning_last_edited=&#8221;on|phone&#8221; global_colors_info=&#8221;{}&#8221;][et_pb_column type=&#8221;4_4&#8243; _builder_version=&#8221;4.16&#8243; _module_preset=&#8221;default&#8221; background_color=&#8221;RGBA(0,0,0,0)&#8221; positioning=&#8221;none&#8221; position_origin_f=&#8221;center_center&#8221; vertical_offset=&#8221;-215px&#8221; global_colors_info=&#8221;{}&#8221;][et_pb_text _builder_version=&#8221;4.18.0&#8243; _module_preset=&#8221;default&#8221; text_text_color=&#8221;#2E1842&#8243; header_text_color=&#8221;#2E1842&#8243; header_2_font=&#8221;||||||||&#8221; background_color=&#8221;#F9F9F9&#8243; width=&#8221;660px&#8221; max_width=&#8221;100%&#8221; module_alignment=&#8221;right&#8221; custom_margin=&#8221;-60px||||false|false&#8221; custom_margin_tablet=&#8221;0px||||false|false&#8221; custom_margin_phone=&#8221;&#8221; custom_margin_last_edited=&#8221;on|tablet&#8221; custom_padding=&#8221;70px|70px|70px|70px|true|true&#8221; custom_padding_tablet=&#8221;40px|40px|40px|40px|true|true&#8221; custom_padding_phone=&#8221;&#8221; custom_padding_last_edited=&#8221;on|phone&#8221; hover_enabled=&#8221;0&#8243; global_colors_info=&#8221;{}&#8221; sticky_enabled=&#8221;0&#8243;]<\/p>\n<p><span data-contrast=\"auto\" xml:lang=\"ES-ES\" lang=\"ES-ES\" class=\"TextRun SCXW115445517 BCX0\"><span class=\"NormalTextRun SCXW115445517 BCX0\">Las plataformas de iluminaci\u00f3n Mobile Turf <\/span><span class=\"SpellingError SCXW115445517 BCX0\">Grow<\/span><span class=\"NormalTextRun SCXW115445517 BCX0\"> se despliegan en la cancha para agregar suficiente luz y calor para asegurar una superficie de c\u00e9sped perfecta para su pr\u00f3ximo evento.<\/span><\/span><span class=\"EOP SCXW115445517 BCX0\" data-ccp-props=\"{&quot;201341983&quot;:0,&quot;335559739&quot;:160,&quot;335559740&quot;:259}\">\u00a0<\/span><\/p>\n<p>[\/et_pb_text][\/et_pb_column][\/et_pb_row][\/et_pb_section][et_pb_section fb_built=&#8221;1&#8243; custom_padding_last_edited=&#8221;on|phone&#8221; _builder_version=&#8221;4.16&#8243; _module_preset=&#8221;default&#8221; custom_padding=&#8221;||30px|||&#8221; custom_padding_tablet=&#8221;||0px||false|false&#8221; custom_padding_phone=&#8221;&#8221; global_colors_info=&#8221;{}&#8221;][et_pb_row column_structure=&#8221;1_2,1_2&#8243; use_custom_gutter=&#8221;on&#8221; gutter_width=&#8221;4&#8243; make_equal=&#8221;on&#8221; custom_padding_last_edited=&#8221;on|tablet&#8221; _builder_version=&#8221;4.16&#8243; _module_preset=&#8221;default&#8221; width_tablet=&#8221;80%&#8221; width_phone=&#8221;80%&#8221; width_last_edited=&#8221;on|tablet&#8221; module_alignment=&#8221;center&#8221; custom_padding_tablet=&#8221;||0px||false|false&#8221; custom_padding_phone=&#8221;&#8221; global_colors_info=&#8221;{}&#8221; width__hover_enabled=&#8221;off|desktop&#8221;][et_pb_column type=&#8221;1_2&#8243; _builder_version=&#8221;4.16&#8243; _module_preset=&#8221;default&#8221; background_enable_color=&#8221;off&#8221; position_origin_f=&#8221;center_center&#8221; custom_padding=&#8221;||||false|false&#8221; global_colors_info=&#8221;{}&#8221;][et_pb_text module_class=&#8221;bulletList&#8221; _builder_version=&#8221;4.18.0&#8243; _module_preset=&#8221;default&#8221; text_text_color=&#8221;#2E1842&#8243; header_text_color=&#8221;#2E1842&#8243; header_2_font=&#8221;||||||||&#8221; header_2_text_color=&#8221;#2E1842&#8243; header_2_font_size=&#8221;36px&#8221; custom_padding=&#8221;||||false|false&#8221; hover_enabled=&#8221;0&#8243; header_2_font_size_phone=&#8221;18px&#8221; global_colors_info=&#8221;{}&#8221; sticky_enabled=&#8221;0&#8243;]<\/p>\n<h2>Beneficios<\/h2>\n<p>&nbsp;<\/p>\n<ul>\n<li><span data-contrast=\"auto\"><span> C\u00e9sped deportivo de alta calidad con un aspecto perfecto para todos los eventos<\/span><\/span><span data-ccp-props=\"{&quot;201341983&quot;:0,&quot;335559739&quot;:160,&quot;335559740&quot;:259}\"><\/span><\/li>\n<li><span data-contrast=\"auto\"><span> Rendimiento y seguridad del jugador mejorados<\/span><\/span><span data-ccp-props=\"{&quot;201341983&quot;:0,&quot;335559739&quot;:160,&quot;335559740&quot;:259}\"><\/span><\/li>\n<li><span data-contrast=\"auto\"><span> Menos o ning\u00fan retoque<\/span><\/span><span data-ccp-props=\"{&quot;201341983&quot;:0,&quot;335559739&quot;:160,&quot;335559740&quot;:259}\"><\/span><\/li>\n<li><span data-contrast=\"auto\"><span> Corto tiempo de recuperaci\u00f3n entre eventos<\/span><\/span><span data-ccp-props=\"{&quot;201341983&quot;:0,&quot;335559739&quot;:160,&quot;335559740&quot;:259}\"><\/span><\/li>\n<\/ul>\n<p>[\/et_pb_text][\/et_pb_column][et_pb_column type=&#8221;1_2&#8243; _builder_version=&#8221;4.16&#8243; _module_preset=&#8221;default&#8221; background_enable_color=&#8221;off&#8221; position_origin_f=&#8221;center_center&#8221; global_colors_info=&#8221;{}&#8221;][et_pb_text module_class=&#8221;bulletList&#8221; _builder_version=&#8221;4.18.0&#8243; _module_preset=&#8221;default&#8221; text_text_color=&#8221;#2E1842&#8243; header_text_color=&#8221;#2E1842&#8243; header_2_font=&#8221;||||||||&#8221; header_2_text_color=&#8221;#2E1842&#8243; header_2_font_size=&#8221;36px&#8221; width=&#8221;100%&#8221; max_width=&#8221;100%&#8221; hover_enabled=&#8221;0&#8243; header_2_font_size_phone=&#8221;18px&#8221; global_colors_info=&#8221;{}&#8221; sticky_enabled=&#8221;0&#8243;]<\/p>\n<h2><span data-contrast=\"auto\" xml:lang=\"ES-ES\" lang=\"ES-ES\" class=\"TextRun SCXW244162300 BCX0\"><span class=\"ContextualSpellingAndGrammarError SCXW244162300 BCX0\">Cu\u00e1ndo<\/span><span class=\"NormalTextRun SCXW244162300 BCX0\"> y d\u00f3nde usar<\/span><\/span><span class=\"EOP SCXW244162300 BCX0\" data-ccp-props=\"{&quot;201341983&quot;:0,&quot;335559739&quot;:160,&quot;335559740&quot;:259}\">\u00a0<\/span><\/h2>\n<p>&nbsp;<\/p>\n<ul>\n<li>\n<p><span data-contrast=\"auto\">Zonas sombreadas<\/span><span data-ccp-props=\"{&quot;201341983&quot;:0,&quot;335559739&quot;:160,&quot;335559740&quot;:259}\"> <\/span><\/p>\n<\/li>\n<li>\n<p><span data-ccp-props=\"{&quot;201341983&quot;:0,&quot;335559739&quot;:160,&quot;335559740&quot;:259}\"><\/span>\u00c1reas de alto desgaste<\/p>\n<\/li>\n<li>\n<p>R\u00e1pida recuperaci\u00f3n del tono del c\u00e9sped despu\u00e9s de partidos o conciertos.<\/p>\n<\/li>\n<li>\n<p>Baja temperatura<\/p>\n<p><span data-ccp-props=\"{&quot;201341983&quot;:0,&quot;335559739&quot;:160,&quot;335559740&quot;:259}\"><\/span><\/li>\n<\/ul>\n<p>[\/et_pb_text][\/et_pb_column][\/et_pb_row][\/et_pb_section][et_pb_section fb_built=&#8221;1&#8243; custom_padding_last_edited=&#8221;on|tablet&#8221; _builder_version=&#8221;4.16&#8243; _module_preset=&#8221;default&#8221; custom_margin=&#8221;||100px||false|false&#8221; custom_margin_tablet=&#8221;||50px||false|false&#8221; custom_margin_phone=&#8221;0px||0px||false|false&#8221; custom_margin_last_edited=&#8221;on|phone&#8221; custom_padding=&#8221;23px|||||&#8221; custom_padding_tablet=&#8221;0px||||false|false&#8221; custom_padding_phone=&#8221;0px||||false|false&#8221; global_colors_info=&#8221;{}&#8221;][et_pb_row custom_padding_last_edited=&#8221;on|phone&#8221; _builder_version=&#8221;4.16&#8243; _module_preset=&#8221;default&#8221; custom_padding_tablet=&#8221;&#8221; custom_padding_phone=&#8221;||0px||false|false&#8221; global_colors_info=&#8221;{}&#8221;][et_pb_column type=&#8221;4_4&#8243; _builder_version=&#8221;4.16&#8243; _module_preset=&#8221;default&#8221; global_colors_info=&#8221;{}&#8221;][et_pb_text _builder_version=&#8221;4.18.0&#8243; _module_preset=&#8221;default&#8221; text_text_color=&#8221;#2E1842&#8243; header_text_color=&#8221;#2E1842&#8243; header_2_font=&#8221;||||||||&#8221; header_2_text_align=&#8221;center&#8221; header_2_text_color=&#8221;#2E1842&#8243; header_2_font_size=&#8221;36px&#8221; custom_padding_tablet=&#8221;&#8221; custom_padding_phone=&#8221;||0px||false|false&#8221; custom_padding_last_edited=&#8221;on|phone&#8221; hover_enabled=&#8221;0&#8243; header_2_text_align_tablet=&#8221;&#8221; header_2_text_align_phone=&#8221;left&#8221; header_2_text_align_last_edited=&#8221;on|phone&#8221; header_2_font_size_phone=&#8221;18px&#8221; global_colors_info=&#8221;{}&#8221; sticky_enabled=&#8221;0&#8243;]<\/p>\n<h2><span data-contrast=\"auto\" xml:lang=\"ES-ES\" lang=\"ES-ES\" class=\"TextRun SCXW128412369 BCX0\"><span class=\"NormalTextRun SCXW128412369 BCX0\">Qu\u00e9 equipos de iluminaci\u00f3n para <\/span><span class=\"NormalTextRun SCXW128412369 BCX0\">el<\/span><span class=\"NormalTextRun SCXW128412369 BCX0\"> c\u00e9sped debo elegir?<\/span><\/span><span class=\"EOP SCXW128412369 BCX0\" data-ccp-props=\"{&quot;201341983&quot;:0,&quot;335559739&quot;:160,&quot;335559740&quot;:259}\">\u00a0<\/span><\/h2>\n<p>[\/et_pb_text][\/et_pb_column][\/et_pb_row][et_pb_row column_structure=&#8221;1_2,1_2&#8243; use_custom_gutter=&#8221;on&#8221; make_equal=&#8221;on&#8221; _builder_version=&#8221;4.16&#8243; _module_preset=&#8221;default&#8221; width_phone=&#8221;90%&#8221; width_last_edited=&#8221;off|desktop&#8221; global_colors_info=&#8221;{}&#8221;][et_pb_column type=&#8221;1_2&#8243; _builder_version=&#8221;4.16&#8243; _module_preset=&#8221;default&#8221; background_color=&#8221;#6FB63F&#8221; custom_padding=&#8221;1.5vw|10px|1.5vw|10px|true|true&#8221; global_colors_info=&#8221;{}&#8221;][et_pb_text module_class=&#8221;knapp_hvitPil&#8221; _builder_version=&#8221;4.18.0&#8243; _dynamic_attributes=&#8221;link_option_url&#8221; _module_preset=&#8221;ac1a8e23-2865-4c30-85d0-0787ac68bbdc&#8221; text_text_color=&#8221;#FFFFFF&#8221; text_font_size=&#8221;24px&#8221; background_color=&#8221;#6FB63F&#8221; module_alignment=&#8221;center&#8221; custom_padding=&#8221;30px|30px|10px|30px|false|true&#8221; link_option_url=&#8221;@ET-DC@eyJkeW5hbWljIjp0cnVlLCJjb250ZW50IjoicG9zdF9saW5rX3VybF9wYWdlIiwic2V0dGluZ3MiOnsicG9zdF9pZCI6IjIzMzE4OCJ9fQ==@&#8221; hover_enabled=&#8221;0&#8243; global_colors_info=&#8221;{}&#8221; sticky_enabled=&#8221;0&#8243;]<\/p>\n<div style=\"display: flex; justify-content: center;\">\n<p>Selecci\u00f3n de equipos de iluminaci\u00f3n<\/p>\n<p><img decoding=\"async\" src=\"https:\/\/ra-tls.rhenac.com\/wp-content\/uploads\/\/2021\/10\/arrow-right.svg\" width=\"35\" height=\"1024\" alt=\"\" class=\"arrowRight alignnone size-large\" \/><\/p>\n<\/div>\n<p>[\/et_pb_text][\/et_pb_column][et_pb_column type=&#8221;1_2&#8243; _builder_version=&#8221;4.16&#8243; _dynamic_attributes=&#8221;link_option_url&#8221; _module_preset=&#8221;default&#8221; background_color=&#8221;#2E1842&#8243; custom_padding=&#8221;1.5vw|10px|1.5vw|10px|true|true&#8221; link_option_url=&#8221;@ET-DC@eyJkeW5hbWljIjp0cnVlLCJjb250ZW50IjoicG9zdF9saW5rX3VybF9wYWdlIiwic2V0dGluZ3MiOnsicG9zdF9pZCI6IjIzNDEyMyJ9fQ==@&#8221; global_colors_info=&#8221;{}&#8221;][et_pb_text module_class=&#8221;knapp_hvitPil&#8221; _builder_version=&#8221;4.18.0&#8243; _module_preset=&#8221;ac1a8e23-2865-4c30-85d0-0787ac68bbdc&#8221; text_text_color=&#8221;#FFFFFF&#8221; text_font_size=&#8221;24px&#8221; background_color=&#8221;#2E1842&#8243; module_alignment=&#8221;center&#8221; custom_padding=&#8221;30px|30px|10px|30px|false|true&#8221; hover_enabled=&#8221;0&#8243; global_colors_info=&#8221;{}&#8221; sticky_enabled=&#8221;0&#8243;]<\/p>\n<div style=\"display: flex; justify-content: center;\">\n<p>Luces LED o HPS?<\/p>\n<p><img decoding=\"async\" src=\"https:\/\/ra-tls.rhenac.com\/wp-content\/uploads\/\/2021\/10\/arrow-right.svg\" width=\"35\" height=\"1024\" alt=\"\" class=\"arrowRight alignnone size-large\" \/><\/p>\n<\/div>\n<p>[\/et_pb_text][\/et_pb_column][\/et_pb_row][\/et_pb_section]<\/p>\n","protected":false},"excerpt":{"rendered":"<p>Plataformas m\u00f3viles de iluminaci\u00f3n para el c\u00e9spedAsegure el crecimiento \u00f3ptimo de la hierba El c\u00e9sped deportivo est\u00e1 expuesto a un uso intensivo estacional y los estadios deportivos modernos albergan m\u00faltiples eventos. La luz natural de la que se dispone puede ser insuficiente para mantener un c\u00e9sped de alta calidad durante toda la temporada. En \u00e1reas [&hellip;]<\/p>\n","protected":false},"author":1,"featured_media":0,"parent":236057,"menu_order":0,"comment_status":"closed","ping_status":"closed","template":"","meta":{"_acf_changed":false,"_et_pb_use_builder":"on","_et_pb_old_content":"<!-- wp:divi\/placeholder \/-->","_et_gb_content_width":"","footnotes":""},"folder":[],"class_list":["post-236119","page","type-page","status-publish","hentry"],"acf":[],"yoast_head":"<!-- This site is optimized with the Yoast SEO plugin v25.9 - https:\/\/yoast.com\/wordpress\/plugins\/seo\/ -->\n<title>Optimal Grass Growth - Mobile Turf Grow Lighting Rigs - TLS<\/title>\n<meta name=\"description\" content=\"Our smart online Turf Growth Lighting rigs add exactly the LED and HPS light needed to get your turf ready for the next event.\" \/>\n<meta name=\"robots\" content=\"index, follow, max-snippet:-1, max-image-preview:large, max-video-preview:-1\" \/>\n<link rel=\"canonical\" href=\"https:\/\/ra-tls.rhenac.com\/es\/productos\/mobile-turf-grow-lighting-rigs\/\" \/>\n<meta property=\"og:locale\" content=\"es_ES\" \/>\n<meta property=\"og:type\" content=\"article\" \/>\n<meta property=\"og:title\" content=\"Optimal Grass Growth - Mobile Turf Grow Lighting Rigs - TLS\" \/>\n<meta property=\"og:description\" content=\"Our smart online Turf Growth Lighting rigs add exactly the LED and HPS light needed to get your turf ready for the next event.\" \/>\n<meta property=\"og:url\" content=\"https:\/\/ra-tls.rhenac.com\/es\/productos\/mobile-turf-grow-lighting-rigs\/\" \/>\n<meta property=\"og:site_name\" content=\"TLS\" \/>\n<meta property=\"article:modified_time\" content=\"2022-10-19T12:31:24+00:00\" \/>\n<meta property=\"og:image\" content=\"https:\/\/ra-tls.rhenac.com\/wp-content\/uploads\/2021\/10\/besiktas.jpeg\" \/>\n\t<meta property=\"og:image:width\" content=\"1920\" \/>\n\t<meta property=\"og:image:height\" content=\"1022\" \/>\n\t<meta property=\"og:image:type\" content=\"image\/jpeg\" \/>\n<meta name=\"twitter:card\" content=\"summary_large_image\" \/>\n<meta name=\"twitter:title\" content=\"Optimal Grass Growth - Mobile Turf Grow Lighting Rigs - TLS\" \/>\n<meta name=\"twitter:description\" content=\"Our smart online Turf Growth Lighting rigs add exactly the LED and HPS light needed to get your turf ready for the next event.\" \/>\n<meta name=\"twitter:image\" content=\"https:\/\/ra-tls.rhenac.com\/wp-content\/uploads\/2021\/10\/TLS-Grass-rig-on-field-1-scaled.jpeg\" \/>\n<meta name=\"twitter:label1\" content=\"Est. reading time\" \/>\n\t<meta name=\"twitter:data1\" content=\"3 minutes\" \/>\n<script type=\"application\/ld+json\" class=\"yoast-schema-graph\">{\"@context\":\"https:\/\/schema.org\",\"@graph\":[{\"@type\":\"WebPage\",\"@id\":\"https:\/\/ra-tls.rhenac.com\/es\/productos\/mobile-turf-grow-lighting-rigs\/\",\"url\":\"https:\/\/ra-tls.rhenac.com\/es\/productos\/mobile-turf-grow-lighting-rigs\/\",\"name\":\"Optimal Grass Growth - Mobile Turf Grow Lighting Rigs - TLS\",\"isPartOf\":{\"@id\":\"https:\/\/ra-tls.rhenac.com\/es\/#website\"},\"primaryImageOfPage\":{\"@id\":\"https:\/\/ra-tls.rhenac.com\/es\/productos\/mobile-turf-grow-lighting-rigs\/#primaryimage\"},\"image\":{\"@id\":\"https:\/\/ra-tls.rhenac.com\/es\/productos\/mobile-turf-grow-lighting-rigs\/#primaryimage\"},\"thumbnailUrl\":\"https:\/\/ra-tls.rhenac.com\/wp-content\/uploads\/\/2021\/10\/arrow-right.svg\",\"datePublished\":\"2021-10-05T08:01:16+00:00\",\"dateModified\":\"2022-10-19T12:31:24+00:00\",\"description\":\"Our smart online Turf Growth Lighting rigs add exactly the LED and HPS light needed to get your turf ready for the next event.\",\"breadcrumb\":{\"@id\":\"https:\/\/ra-tls.rhenac.com\/es\/productos\/mobile-turf-grow-lighting-rigs\/#breadcrumb\"},\"inLanguage\":\"es-ES\",\"potentialAction\":[{\"@type\":\"ReadAction\",\"target\":[\"https:\/\/ra-tls.rhenac.com\/es\/productos\/mobile-turf-grow-lighting-rigs\/\"]}]},{\"@type\":\"ImageObject\",\"inLanguage\":\"es-ES\",\"@id\":\"https:\/\/ra-tls.rhenac.com\/es\/productos\/mobile-turf-grow-lighting-rigs\/#primaryimage\",\"url\":\"https:\/\/ra-tls.rhenac.com\/wp-content\/uploads\/\/2021\/10\/arrow-right.svg\",\"contentUrl\":\"https:\/\/ra-tls.rhenac.com\/wp-content\/uploads\/\/2021\/10\/arrow-right.svg\"},{\"@type\":\"BreadcrumbList\",\"@id\":\"https:\/\/ra-tls.rhenac.com\/es\/productos\/mobile-turf-grow-lighting-rigs\/#breadcrumb\",\"itemListElement\":[{\"@type\":\"ListItem\",\"position\":1,\"name\":\"Home\",\"item\":\"https:\/\/ra-tls.rhenac.com\/es\/\"},{\"@type\":\"ListItem\",\"position\":2,\"name\":\"Productos\",\"item\":\"https:\/\/ra-tls.rhenac.com\/es\/productos\/\"},{\"@type\":\"ListItem\",\"position\":3,\"name\":\"Mobile Turf Grow Lighting Rigs\"}]},{\"@type\":\"WebSite\",\"@id\":\"https:\/\/ra-tls.rhenac.com\/es\/#website\",\"url\":\"https:\/\/ra-tls.rhenac.com\/es\/\",\"name\":\"TLS\",\"description\":\"Ditt slagord her\",\"potentialAction\":[{\"@type\":\"SearchAction\",\"target\":{\"@type\":\"EntryPoint\",\"urlTemplate\":\"https:\/\/ra-tls.rhenac.com\/es\/?s={search_term_string}\"},\"query-input\":{\"@type\":\"PropertyValueSpecification\",\"valueRequired\":true,\"valueName\":\"search_term_string\"}}],\"inLanguage\":\"es-ES\"}]}<\/script>\n<!-- \/ Yoast SEO plugin. -->","yoast_head_json":{"title":"Optimal Grass Growth - Mobile Turf Grow Lighting Rigs - TLS","description":"Our smart online Turf Growth Lighting rigs add exactly the LED and HPS light needed to get your turf ready for the next event.","robots":{"index":"index","follow":"follow","max-snippet":"max-snippet:-1","max-image-preview":"max-image-preview:large","max-video-preview":"max-video-preview:-1"},"canonical":"https:\/\/ra-tls.rhenac.com\/es\/productos\/mobile-turf-grow-lighting-rigs\/","og_locale":"es_ES","og_type":"article","og_title":"Optimal Grass Growth - Mobile Turf Grow Lighting Rigs - TLS","og_description":"Our smart online Turf Growth Lighting rigs add exactly the LED and HPS light needed to get your turf ready for the next event.","og_url":"https:\/\/ra-tls.rhenac.com\/es\/productos\/mobile-turf-grow-lighting-rigs\/","og_site_name":"TLS","article_modified_time":"2022-10-19T12:31:24+00:00","og_image":[{"width":1920,"height":1022,"url":"https:\/\/ra-tls.rhenac.com\/wp-content\/uploads\/2021\/10\/besiktas.jpeg","type":"image\/jpeg"}],"twitter_card":"summary_large_image","twitter_title":"Optimal Grass Growth - Mobile Turf Grow Lighting Rigs - TLS","twitter_description":"Our smart online Turf Growth Lighting rigs add exactly the LED and HPS light needed to get your turf ready for the next event.","twitter_image":"https:\/\/ra-tls.rhenac.com\/wp-content\/uploads\/2021\/10\/TLS-Grass-rig-on-field-1-scaled.jpeg","twitter_misc":{"Est. reading time":"3 minutes"},"schema":{"@context":"https:\/\/schema.org","@graph":[{"@type":"WebPage","@id":"https:\/\/ra-tls.rhenac.com\/es\/productos\/mobile-turf-grow-lighting-rigs\/","url":"https:\/\/ra-tls.rhenac.com\/es\/productos\/mobile-turf-grow-lighting-rigs\/","name":"Optimal Grass Growth - Mobile Turf Grow Lighting Rigs - TLS","isPartOf":{"@id":"https:\/\/ra-tls.rhenac.com\/es\/#website"},"primaryImageOfPage":{"@id":"https:\/\/ra-tls.rhenac.com\/es\/productos\/mobile-turf-grow-lighting-rigs\/#primaryimage"},"image":{"@id":"https:\/\/ra-tls.rhenac.com\/es\/productos\/mobile-turf-grow-lighting-rigs\/#primaryimage"},"thumbnailUrl":"https:\/\/ra-tls.rhenac.com\/wp-content\/uploads\/\/2021\/10\/arrow-right.svg","datePublished":"2021-10-05T08:01:16+00:00","dateModified":"2022-10-19T12:31:24+00:00","description":"Our smart online Turf Growth Lighting rigs add exactly the LED and HPS light needed to get your turf ready for the next event.","breadcrumb":{"@id":"https:\/\/ra-tls.rhenac.com\/es\/productos\/mobile-turf-grow-lighting-rigs\/#breadcrumb"},"inLanguage":"es-ES","potentialAction":[{"@type":"ReadAction","target":["https:\/\/ra-tls.rhenac.com\/es\/productos\/mobile-turf-grow-lighting-rigs\/"]}]},{"@type":"ImageObject","inLanguage":"es-ES","@id":"https:\/\/ra-tls.rhenac.com\/es\/productos\/mobile-turf-grow-lighting-rigs\/#primaryimage","url":"https:\/\/ra-tls.rhenac.com\/wp-content\/uploads\/\/2021\/10\/arrow-right.svg","contentUrl":"https:\/\/ra-tls.rhenac.com\/wp-content\/uploads\/\/2021\/10\/arrow-right.svg"},{"@type":"BreadcrumbList","@id":"https:\/\/ra-tls.rhenac.com\/es\/productos\/mobile-turf-grow-lighting-rigs\/#breadcrumb","itemListElement":[{"@type":"ListItem","position":1,"name":"Home","item":"https:\/\/ra-tls.rhenac.com\/es\/"},{"@type":"ListItem","position":2,"name":"Productos","item":"https:\/\/ra-tls.rhenac.com\/es\/productos\/"},{"@type":"ListItem","position":3,"name":"Mobile Turf Grow Lighting Rigs"}]},{"@type":"WebSite","@id":"https:\/\/ra-tls.rhenac.com\/es\/#website","url":"https:\/\/ra-tls.rhenac.com\/es\/","name":"TLS","description":"Ditt slagord her","potentialAction":[{"@type":"SearchAction","target":{"@type":"EntryPoint","urlTemplate":"https:\/\/ra-tls.rhenac.com\/es\/?s={search_term_string}"},"query-input":{"@type":"PropertyValueSpecification","valueRequired":true,"valueName":"search_term_string"}}],"inLanguage":"es-ES"}]}},"_links":{"self":[{"href":"https:\/\/ra-tls.rhenac.com\/es\/wp-json\/wp\/v2\/pages\/236119","targetHints":{"allow":["GET"]}}],"collection":[{"href":"https:\/\/ra-tls.rhenac.com\/es\/wp-json\/wp\/v2\/pages"}],"about":[{"href":"https:\/\/ra-tls.rhenac.com\/es\/wp-json\/wp\/v2\/types\/page"}],"author":[{"embeddable":true,"href":"https:\/\/ra-tls.rhenac.com\/es\/wp-json\/wp\/v2\/users\/1"}],"replies":[{"embeddable":true,"href":"https:\/\/ra-tls.rhenac.com\/es\/wp-json\/wp\/v2\/comments?post=236119"}],"version-history":[{"count":0,"href":"https:\/\/ra-tls.rhenac.com\/es\/wp-json\/wp\/v2\/pages\/236119\/revisions"}],"up":[{"embeddable":true,"href":"https:\/\/ra-tls.rhenac.com\/es\/wp-json\/wp\/v2\/pages\/236057"}],"wp:attachment":[{"href":"https:\/\/ra-tls.rhenac.com\/es\/wp-json\/wp\/v2\/media?parent=236119"}],"wp:term":[{"taxonomy":"folder","embeddable":true,"href":"https:\/\/ra-tls.rhenac.com\/es\/wp-json\/wp\/v2\/folder?post=236119"}],"curies":[{"name":"wp","href":"https:\/\/api.w.org\/{rel}","templated":true}]}}